{"id":52,"date":"2022-11-03T22:02:02","date_gmt":"2022-11-03T21:02:02","guid":{"rendered":"https:\/\/associationregardspartages33.wordpress.com\/?page_id=52"},"modified":"2022-11-03T22:02:02","modified_gmt":"2022-11-03T21:02:02","slug":"la-mediation-cest-quoi","status":"publish","type":"page","link":"https:\/\/regardspartages33.fr\/?page_id=52","title":{"rendered":"La m\u00e9diation animale c&rsquo;est quoi?"},"content":{"rendered":"\n<hr class=\"wp-block-separator has-css-opacity is-style-wide\" \/>\n\n\n\n<p>Il existe deux types d&rsquo;intervention avec les animaux<\/p>\n\n\n\n<p><span style=\"font-weight:bold;text-decoration:underline;\">Intervention Assist\u00e9e par l\u2019Animal (IAA)<\/span><\/p>\n\n\n\n<p>C\u2019est une intervention avec des <strong>objectifs<\/strong> orient\u00e9s o\u00f9 l\u2019animal est intentionnellement pr\u00e9sent dans le but d\u2019apporter des <strong>effets th\u00e9rapeutiques <\/strong>chez le b\u00e9n\u00e9ficiaire dans le domaine de la sant\u00e9, l\u2019\u00e9ducation et le champ social<\/p>\n\n\n\n<p>C\u2019est le cas de la th\u00e9rapie assist\u00e9e par l\u2019Animal (TAA) et de l\u2019Education Assist\u00e9e par l\u2019Animal (EAA).La <strong>TAA<\/strong> est r\u00e9alis\u00e9e par un professionnel dont l\u2019expertise est reconnue ( <strong>qualification, dipl\u00f4me, comp\u00e9tences, autorisation d\u2019exercer<\/strong>).<\/p>\n\n\n\n<p>C&rsquo;est le cas de <strong>chien m\u00e9diateur<\/strong><\/p>\n\n\n\n<p class=\"has-text-align-justify\"><strong><span style=\"text-decoration:underline;\">Activit\u00e9s Assist\u00e9es par l\u2019Animal (AAA)<\/span><\/strong><\/p>\n\n\n\n<p>Ce sont des interactions ou des visites informelles souvent men\u00e9es par un b\u00e9n\u00e9vole et son animal avec des <strong>objectifs de motivation, d\u2019\u00e9ducation ou de r\u00e9cr\u00e9ation<\/strong><\/p>\n\n\n\n<p><strong>Pas d\u2019objectif de traitement<\/strong>.<\/p>\n\n\n\n<p>Les intervenants n\u2019ont <strong>pas de qualifications ou de comp\u00e9tences dans le domaine de la sant\u00e9<\/strong>, <strong>de l\u2019\u00e9ducation ou du soin <\/strong>mais le duo Homme Animal doit avoir re\u00e7u une formation initiale avec \u00e9valuation de sa capacit\u00e9 \u00e0 participer \u00e0 des visites<\/p>\n\n\n\n<p>C\u2019est le cas <strong>du chien visiteur<\/strong><\/p>\n\n\n\n<div style=\"height:32px;\" aria-hidden=\"true\" class=\"wp-block-spacer desktop-only\"><\/div>\n\n\n\n<hr class=\"wp-block-separator has-css-opacity is-style-wide\" \/>\n\n\n\n<div style=\"height:32px;\" aria-hidden=\"true\" class=\"wp-block-spacer\"><\/div>\n<div class=\"sharedaddy sd-sharing-enabled\"><div class=\"robots-nocontent sd-block sd-social sd-social-official sd-sharing\"><h3 class=\"sd-title\">Partager&nbsp;:<\/h3><div class=\"sd-content\"><ul><li class=\"share-twitter\"><a href=\"https:\/\/twitter.com\/share\" class=\"twitter-share-button\" data-url=\"https:\/\/regardspartages33.fr\/?page_id=52\" data-text=\"La m\u00e9diation animale c&#039;est quoi?\"  >Tweet<\/a><\/li><li><a href=\"#\" class=\"sharing-anchor sd-button share-more\"><span>Plus<\/span><\/a><\/li><li class=\"share-end\"><\/li><\/ul><div class=\"sharing-hidden\"><div class=\"inner\" style=\"display: none;\"><ul><li class=\"share-facebook\"><div class=\"fb-share-button\" data-href=\"https:\/\/regardspartages33.fr\/?page_id=52\" data-layout=\"button_count\"><\/div><\/li><li class=\"share-linkedin\"><div class=\"linkedin_button\"><script type=\"in\/share\" data-url=\"https:\/\/regardspartages33.fr\/?page_id=52\" data-counter=\"right\"><\/script><\/div><\/li><li class=\"share-end\"><\/li><li class=\"share-end\"><\/li><\/ul><\/div><\/div><\/div><\/div><\/div>","protected":false},"excerpt":{"rendered":"<p>Il existe deux types d&rsquo;intervention avec les animaux Intervention Assist\u00e9e par l\u2019Animal (IAA) C\u2019est une intervention avec des objectifs orient\u00e9s o\u00f9 l\u2019animal est intentionnellement pr\u00e9sent dans le but d\u2019apporter des effets th\u00e9rapeutiques chez le b\u00e9n\u00e9ficiaire dans le domaine de la sant\u00e9, l\u2019\u00e9ducation et le champ social C\u2019est le cas de la th\u00e9rapie assist\u00e9e par l\u2019Animal<a class=\"more-link\" href=\"https:\/\/regardspartages33.fr\/?page_id=52\">Lire la suite <span class=\"screen-reader-text\">\u00ab\u00a0La m\u00e9diation animale c&rsquo;est quoi?\u00a0\u00bb<\/span><\/a><\/p>\n<div class=\"sharedaddy sd-sharing-enabled\"><div class=\"robots-nocontent sd-block sd-social sd-social-official sd-sharing\"><h3 class=\"sd-title\">Partager&nbsp;:<\/h3><div class=\"sd-content\"><ul><li class=\"share-twitter\"><a href=\"https:\/\/twitter.com\/share\" class=\"twitter-share-button\" data-url=\"https:\/\/regardspartages33.fr\/?page_id=52\" data-text=\"La m\u00e9diation animale c&#039;est quoi?\"  >Tweet<\/a><\/li><li><a href=\"#\" class=\"sharing-anchor sd-button share-more\"><span>Plus<\/span><\/a><\/li><li class=\"share-end\"><\/li><\/ul><div class=\"sharing-hidden\"><div class=\"inner\" style=\"display: none;\"><ul><li class=\"share-facebook\"><div class=\"fb-share-button\" data-href=\"https:\/\/regardspartages33.fr\/?page_id=52\" data-layout=\"button_count\"><\/div><\/li><li class=\"share-linkedin\"><div class=\"linkedin_button\"><script type=\"in\/share\" data-url=\"https:\/\/regardspartages33.fr\/?page_id=52\" data-counter=\"right\"><\/script><\/div><\/li><li class=\"share-end\"><\/li><li class=\"share-end\"><\/li><\/ul><\/div><\/div><\/div><\/div><\/div>","protected":false},"author":1,"featured_media":0,"parent":0,"menu_order":0,"comment_status":"closed","ping_status":"closed","template":"","meta":[],"yoast_head":"<!-- This site is optimized with the Yoast SEO plugin v19.13 - https:\/\/yoast.com\/wordpress\/plugins\/seo\/ -->\n<title>La m\u00e9diation animale c&#039;est quoi? - regardspartages33.fr<\/title>\n<meta name=\"robots\" content=\"index, follow, max-snippet:-1, max-image-preview:large, max-video-preview:-1\" \/>\n<link rel=\"canonical\" href=\"https:\/\/regardspartages33.fr\/?page_id=52\" \/>\n<meta property=\"og:locale\" content=\"fr_FR\" \/>\n<meta property=\"og:type\" content=\"article\" \/>\n<meta property=\"og:title\" content=\"La m\u00e9diation animale c&#039;est quoi? - regardspartages33.fr\" \/>\n<meta property=\"og:description\" content=\"Il existe deux types d&rsquo;intervention avec les animaux Intervention Assist\u00e9e par l\u2019Animal (IAA) C\u2019est une intervention avec des objectifs orient\u00e9s o\u00f9 l\u2019animal est intentionnellement pr\u00e9sent dans le but d\u2019apporter des effets th\u00e9rapeutiques chez le b\u00e9n\u00e9ficiaire dans le domaine de la sant\u00e9, l\u2019\u00e9ducation et le champ social C\u2019est le cas de la th\u00e9rapie assist\u00e9e par l\u2019AnimalLire la suite &quot;La m\u00e9diation animale c&rsquo;est quoi?&quot;\" \/>\n<meta property=\"og:url\" content=\"https:\/\/regardspartages33.fr\/?page_id=52\" \/>\n<meta property=\"og:site_name\" content=\"regardspartages33.fr\" \/>\n<meta name=\"twitter:card\" content=\"summary_large_image\" \/>\n<meta name=\"twitter:label1\" content=\"Dur\u00e9e de lecture estim\u00e9e\" \/>\n\t<meta name=\"twitter:data1\" content=\"1 minute\" \/>\n<script type=\"application\/ld+json\" class=\"yoast-schema-graph\">{\"@context\":\"https:\/\/schema.org\",\"@graph\":[{\"@type\":\"WebPage\",\"@id\":\"https:\/\/regardspartages33.fr\/?page_id=52\",\"url\":\"https:\/\/regardspartages33.fr\/?page_id=52\",\"name\":\"La m\u00e9diation animale c'est quoi? - regardspartages33.fr\",\"isPartOf\":{\"@id\":\"https:\/\/regardspartages33.fr\/#website\"},\"datePublished\":\"2022-11-03T21:02:02+00:00\",\"dateModified\":\"2022-11-03T21:02:02+00:00\",\"breadcrumb\":{\"@id\":\"https:\/\/regardspartages33.fr\/?page_id=52#breadcrumb\"},\"inLanguage\":\"fr-FR\",\"potentialAction\":[{\"@type\":\"ReadAction\",\"target\":[\"https:\/\/regardspartages33.fr\/?page_id=52\"]}]},{\"@type\":\"BreadcrumbList\",\"@id\":\"https:\/\/regardspartages33.fr\/?page_id=52#breadcrumb\",\"itemListElement\":[{\"@type\":\"ListItem\",\"position\":1,\"name\":\"Accueil\",\"item\":\"https:\/\/regardspartages33.fr\/\"},{\"@type\":\"ListItem\",\"position\":2,\"name\":\"La m\u00e9diation animale c&rsquo;est quoi?\"}]},{\"@type\":\"WebSite\",\"@id\":\"https:\/\/regardspartages33.fr\/#website\",\"url\":\"https:\/\/regardspartages33.fr\/\",\"name\":\"regardspartages33.fr\",\"description\":\"\",\"publisher\":{\"@id\":\"https:\/\/regardspartages33.fr\/#organization\"},\"potentialAction\":[{\"@type\":\"SearchAction\",\"target\":{\"@type\":\"EntryPoint\",\"urlTemplate\":\"https:\/\/regardspartages33.fr\/?s={search_term_string}\"},\"query-input\":\"required name=search_term_string\"}],\"inLanguage\":\"fr-FR\"},{\"@type\":\"Organization\",\"@id\":\"https:\/\/regardspartages33.fr\/#organization\",\"name\":\"regardspartages33.fr\",\"url\":\"https:\/\/regardspartages33.fr\/\",\"logo\":{\"@type\":\"ImageObject\",\"inLanguage\":\"fr-FR\",\"@id\":\"https:\/\/regardspartages33.fr\/#\/schema\/logo\/image\/\",\"url\":\"https:\/\/regardspartages33.fr\/wp-content\/uploads\/2022\/12\/cropped-logo-Mumu-scaled-1.jpg\",\"contentUrl\":\"https:\/\/regardspartages33.fr\/wp-content\/uploads\/2022\/12\/cropped-logo-Mumu-scaled-1.jpg\",\"width\":512,\"height\":512,\"caption\":\"regardspartages33.fr\"},\"image\":{\"@id\":\"https:\/\/regardspartages33.fr\/#\/schema\/logo\/image\/\"}}]}<\/script>\n<!-- \/ Yoast SEO plugin. -->","yoast_head_json":{"title":"La m\u00e9diation animale c'est quoi? - regardspartages33.fr","robots":{"index":"index","follow":"follow","max-snippet":"max-snippet:-1","max-image-preview":"max-image-preview:large","max-video-preview":"max-video-preview:-1"},"canonical":"https:\/\/regardspartages33.fr\/?page_id=52","og_locale":"fr_FR","og_type":"article","og_title":"La m\u00e9diation animale c'est quoi? - regardspartages33.fr","og_description":"Il existe deux types d&rsquo;intervention avec les animaux Intervention Assist\u00e9e par l\u2019Animal (IAA) C\u2019est une intervention avec des objectifs orient\u00e9s o\u00f9 l\u2019animal est intentionnellement pr\u00e9sent dans le but d\u2019apporter des effets th\u00e9rapeutiques chez le b\u00e9n\u00e9ficiaire dans le domaine de la sant\u00e9, l\u2019\u00e9ducation et le champ social C\u2019est le cas de la th\u00e9rapie assist\u00e9e par l\u2019AnimalLire la suite \"La m\u00e9diation animale c&rsquo;est quoi?\"","og_url":"https:\/\/regardspartages33.fr\/?page_id=52","og_site_name":"regardspartages33.fr","twitter_card":"summary_large_image","twitter_misc":{"Dur\u00e9e de lecture estim\u00e9e":"1 minute"},"schema":{"@context":"https:\/\/schema.org","@graph":[{"@type":"WebPage","@id":"https:\/\/regardspartages33.fr\/?page_id=52","url":"https:\/\/regardspartages33.fr\/?page_id=52","name":"La m\u00e9diation animale c'est quoi? - regardspartages33.fr","isPartOf":{"@id":"https:\/\/regardspartages33.fr\/#website"},"datePublished":"2022-11-03T21:02:02+00:00","dateModified":"2022-11-03T21:02:02+00:00","breadcrumb":{"@id":"https:\/\/regardspartages33.fr\/?page_id=52#breadcrumb"},"inLanguage":"fr-FR","potentialAction":[{"@type":"ReadAction","target":["https:\/\/regardspartages33.fr\/?page_id=52"]}]},{"@type":"BreadcrumbList","@id":"https:\/\/regardspartages33.fr\/?page_id=52#breadcrumb","itemListElement":[{"@type":"ListItem","position":1,"name":"Accueil","item":"https:\/\/regardspartages33.fr\/"},{"@type":"ListItem","position":2,"name":"La m\u00e9diation animale c&rsquo;est quoi?"}]},{"@type":"WebSite","@id":"https:\/\/regardspartages33.fr\/#website","url":"https:\/\/regardspartages33.fr\/","name":"regardspartages33.fr","description":"","publisher":{"@id":"https:\/\/regardspartages33.fr\/#organization"},"potentialAction":[{"@type":"SearchAction","target":{"@type":"EntryPoint","urlTemplate":"https:\/\/regardspartages33.fr\/?s={search_term_string}"},"query-input":"required name=search_term_string"}],"inLanguage":"fr-FR"},{"@type":"Organization","@id":"https:\/\/regardspartages33.fr\/#organization","name":"regardspartages33.fr","url":"https:\/\/regardspartages33.fr\/","logo":{"@type":"ImageObject","inLanguage":"fr-FR","@id":"https:\/\/regardspartages33.fr\/#\/schema\/logo\/image\/","url":"https:\/\/regardspartages33.fr\/wp-content\/uploads\/2022\/12\/cropped-logo-Mumu-scaled-1.jpg","contentUrl":"https:\/\/regardspartages33.fr\/wp-content\/uploads\/2022\/12\/cropped-logo-Mumu-scaled-1.jpg","width":512,"height":512,"caption":"regardspartages33.fr"},"image":{"@id":"https:\/\/regardspartages33.fr\/#\/schema\/logo\/image\/"}}]}},"jetpack_sharing_enabled":true,"_links":{"self":[{"href":"https:\/\/regardspartages33.fr\/index.php?rest_route=\/wp\/v2\/pages\/52"}],"collection":[{"href":"https:\/\/regardspartages33.fr\/index.php?rest_route=\/wp\/v2\/pages"}],"about":[{"href":"https:\/\/regardspartages33.fr\/index.php?rest_route=\/wp\/v2\/types\/page"}],"author":[{"embeddable":true,"href":"https:\/\/regardspartages33.fr\/index.php?rest_route=\/wp\/v2\/users\/1"}],"replies":[{"embeddable":true,"href":"https:\/\/regardspartages33.fr\/index.php?rest_route=%2Fwp%2Fv2%2Fcomments&post=52"}],"version-history":[{"count":0,"href":"https:\/\/regardspartages33.fr\/index.php?rest_route=\/wp\/v2\/pages\/52\/revisions"}],"wp:attachment":[{"href":"https:\/\/regardspartages33.fr\/index.php?rest_route=%2Fwp%2Fv2%2Fmedia&parent=52"}],"curies":[{"name":"wp","href":"https:\/\/api.w.org\/{rel}","templated":true}]}}