{"id":40,"date":"2022-11-03T21:40:57","date_gmt":"2022-11-03T20:40:57","guid":{"rendered":"https:\/\/associationregardspartages33.wordpress.com\/contact\/"},"modified":"2025-08-27T21:16:20","modified_gmt":"2025-08-27T21:16:20","slug":"contact","status":"publish","type":"page","link":"https:\/\/regardspartages33.fr\/?page_id=40","title":{"rendered":"Contact"},"content":{"rendered":"\n<p class=\"has-text-align-left\">Discutons-en \ud83d\udc4b N&rsquo;h\u00e9sitez pas \u00e0 nous contacter aux coordonn\u00e9es ci-apr\u00e8s ou envoyez-nous un message en remplissant le formulaire.<\/p>\n\n\n\n<div style=\"height:32px\" aria-hidden=\"true\" class=\"wp-block-spacer desktop-only\"><\/div>\n\n\n\n<div class=\"is-layout-flex wp-container-3 wp-block-columns alignwide has-2-columns\">\n<div class=\"is-layout-flow wp-block-column\">\n<h2 class=\"has-text-align-left\">Contactez-nous<\/h2>\n\n\n\n<div itemprop=\"location\" itemscope itemtype=\"http:\/\/schema.org\/Organization\" class=\"wp-block-jetpack-contact-info\">\n<div itemprop=\"address\" itemscope itemtype=\"http:\/\/schema.org\/PostalAddress\" class=\"wp-block-jetpack-address\" ><a href=\"https:\/\/www.google.com\/maps\/search\/49+rue des graves,+Ville,+EYSINES,+33320+FRANCE\" target=\"_blank\" rel=\"noopener noreferrer\" title=\"Ouvrir l\u2019adresse dans Google Maps\"><div itemprop=\"streetAddress\" class=\"jetpack-address__address jetpack-address__address1\">49 rue des graves<\/div><div><span itemprop=\"addressLocality\" class=\"jetpack-address__city\">Ville<\/span>, <span itemprop=\"addressRegion\" class=\"jetpack-address__region\">EYSINES<\/span> <span itemprop=\"postalCode\" class=\"jetpack-address__postal\">33320<\/span><\/div><div itemprop=\"addressCountry\" class=\"jetpack-address__country\">FRANCE<\/div><\/a><\/div>\n\n\n\n<div class=\"wp-block-jetpack-email\"><a itemprop=\"email\" href=\"mailto:mediation.regardspartages@gmail.com\">mediation.regardspartages@gmail.com<\/a><\/div>\n\n\n<\/div>\n<\/div>\n\n\n\n<div class=\"is-layout-flow wp-block-column\">\n<h2 class=\"has-text-align-left\">Envoyez-nous un message<\/h2>\n\n\n<div class=\"wp-block-jetpack-contact-form\"><a href=\"https:\/\/regardspartages33.fr\/?page_id=40\" target=\"_blank\" rel=\"noopener noreferrer\">Soumettre un formulaire.<\/a><\/div><\/div>\n<\/div>\n<div class=\"sharedaddy sd-sharing-enabled\"><div class=\"robots-nocontent sd-block sd-social sd-social-official sd-sharing\"><h3 class=\"sd-title\">Partager&nbsp;:<\/h3><div class=\"sd-content\"><ul><li class=\"share-twitter\"><a href=\"https:\/\/twitter.com\/share\" class=\"twitter-share-button\" data-url=\"https:\/\/regardspartages33.fr\/?page_id=40\" data-text=\"Contact\"  >Tweet<\/a><\/li><li><a href=\"#\" class=\"sharing-anchor sd-button share-more\"><span>Plus<\/span><\/a><\/li><li class=\"share-end\"><\/li><\/ul><div class=\"sharing-hidden\"><div class=\"inner\" style=\"display: none;\"><ul><li class=\"share-facebook\"><div class=\"fb-share-button\" data-href=\"https:\/\/regardspartages33.fr\/?page_id=40\" data-layout=\"button_count\"><\/div><\/li><li class=\"share-linkedin\"><div class=\"linkedin_button\"><script type=\"in\/share\" data-url=\"https:\/\/regardspartages33.fr\/?page_id=40\" data-counter=\"right\"><\/script><\/div><\/li><li class=\"share-end\"><\/li><li class=\"share-end\"><\/li><\/ul><\/div><\/div><\/div><\/div><\/div>","protected":false},"excerpt":{"rendered":"<p>Discutons-en \ud83d\udc4b N&rsquo;h\u00e9sitez pas \u00e0 nous contacter aux coordonn\u00e9es ci-apr\u00e8s ou envoyez-nous un message en remplissant le formulaire. Contactez-nous Envoyez-nous un message<\/p>\n<div class=\"sharedaddy sd-sharing-enabled\"><div class=\"robots-nocontent sd-block sd-social sd-social-official sd-sharing\"><h3 class=\"sd-title\">Partager&nbsp;:<\/h3><div class=\"sd-content\"><ul><li class=\"share-twitter\"><a href=\"https:\/\/twitter.com\/share\" class=\"twitter-share-button\" data-url=\"https:\/\/regardspartages33.fr\/?page_id=40\" data-text=\"Contact\"  >Tweet<\/a><\/li><li><a href=\"#\" class=\"sharing-anchor sd-button share-more\"><span>Plus<\/span><\/a><\/li><li class=\"share-end\"><\/li><\/ul><div class=\"sharing-hidden\"><div class=\"inner\" style=\"display: none;\"><ul><li class=\"share-facebook\"><div class=\"fb-share-button\" data-href=\"https:\/\/regardspartages33.fr\/?page_id=40\" data-layout=\"button_count\"><\/div><\/li><li class=\"share-linkedin\"><div class=\"linkedin_button\"><script type=\"in\/share\" data-url=\"https:\/\/regardspartages33.fr\/?page_id=40\" data-counter=\"right\"><\/script><\/div><\/li><li class=\"share-end\"><\/li><li class=\"share-end\"><\/li><\/ul><\/div><\/div><\/div><\/div><\/div>","protected":false},"author":1,"featured_media":0,"parent":0,"menu_order":1,"comment_status":"closed","ping_status":"closed","template":"","meta":[],"yoast_head":"<!-- This site is optimized with the Yoast SEO plugin v19.13 - https:\/\/yoast.com\/wordpress\/plugins\/seo\/ -->\n<title>Contact - regardspartages33.fr<\/title>\n<meta name=\"robots\" content=\"index, follow, max-snippet:-1, max-image-preview:large, max-video-preview:-1\" \/>\n<link rel=\"canonical\" href=\"https:\/\/regardspartages33.fr\/?page_id=40\" \/>\n<meta property=\"og:locale\" content=\"fr_FR\" \/>\n<meta property=\"og:type\" content=\"article\" \/>\n<meta property=\"og:title\" content=\"Contact - regardspartages33.fr\" \/>\n<meta property=\"og:description\" content=\"Discutons-en \ud83d\udc4b N&rsquo;h\u00e9sitez pas \u00e0 nous contacter aux coordonn\u00e9es ci-apr\u00e8s ou envoyez-nous un message en remplissant le formulaire. Contactez-nous Envoyez-nous un message\" \/>\n<meta property=\"og:url\" content=\"https:\/\/regardspartages33.fr\/?page_id=40\" \/>\n<meta property=\"og:site_name\" content=\"regardspartages33.fr\" \/>\n<meta property=\"article:modified_time\" content=\"2025-08-27T21:16:20+00:00\" \/>\n<meta name=\"twitter:card\" content=\"summary_large_image\" \/>\n<meta name=\"twitter:label1\" content=\"Dur\u00e9e de lecture estim\u00e9e\" \/>\n\t<meta name=\"twitter:data1\" content=\"1 minute\" \/>\n<script type=\"application\/ld+json\" class=\"yoast-schema-graph\">{\"@context\":\"https:\/\/schema.org\",\"@graph\":[{\"@type\":\"WebPage\",\"@id\":\"https:\/\/regardspartages33.fr\/?page_id=40\",\"url\":\"https:\/\/regardspartages33.fr\/?page_id=40\",\"name\":\"Contact - regardspartages33.fr\",\"isPartOf\":{\"@id\":\"https:\/\/regardspartages33.fr\/#website\"},\"datePublished\":\"2022-11-03T20:40:57+00:00\",\"dateModified\":\"2025-08-27T21:16:20+00:00\",\"breadcrumb\":{\"@id\":\"https:\/\/regardspartages33.fr\/?page_id=40#breadcrumb\"},\"inLanguage\":\"fr-FR\",\"potentialAction\":[{\"@type\":\"ReadAction\",\"target\":[\"https:\/\/regardspartages33.fr\/?page_id=40\"]}]},{\"@type\":\"BreadcrumbList\",\"@id\":\"https:\/\/regardspartages33.fr\/?page_id=40#breadcrumb\",\"itemListElement\":[{\"@type\":\"ListItem\",\"position\":1,\"name\":\"Accueil\",\"item\":\"https:\/\/regardspartages33.fr\/\"},{\"@type\":\"ListItem\",\"position\":2,\"name\":\"Contact\"}]},{\"@type\":\"WebSite\",\"@id\":\"https:\/\/regardspartages33.fr\/#website\",\"url\":\"https:\/\/regardspartages33.fr\/\",\"name\":\"regardspartages33.fr\",\"description\":\"\",\"publisher\":{\"@id\":\"https:\/\/regardspartages33.fr\/#organization\"},\"potentialAction\":[{\"@type\":\"SearchAction\",\"target\":{\"@type\":\"EntryPoint\",\"urlTemplate\":\"https:\/\/regardspartages33.fr\/?s={search_term_string}\"},\"query-input\":\"required name=search_term_string\"}],\"inLanguage\":\"fr-FR\"},{\"@type\":\"Organization\",\"@id\":\"https:\/\/regardspartages33.fr\/#organization\",\"name\":\"regardspartages33.fr\",\"url\":\"https:\/\/regardspartages33.fr\/\",\"logo\":{\"@type\":\"ImageObject\",\"inLanguage\":\"fr-FR\",\"@id\":\"https:\/\/regardspartages33.fr\/#\/schema\/logo\/image\/\",\"url\":\"https:\/\/regardspartages33.fr\/wp-content\/uploads\/2022\/12\/cropped-logo-Mumu-scaled-1.jpg\",\"contentUrl\":\"https:\/\/regardspartages33.fr\/wp-content\/uploads\/2022\/12\/cropped-logo-Mumu-scaled-1.jpg\",\"width\":512,\"height\":512,\"caption\":\"regardspartages33.fr\"},\"image\":{\"@id\":\"https:\/\/regardspartages33.fr\/#\/schema\/logo\/image\/\"}}]}<\/script>\n<!-- \/ Yoast SEO plugin. -->","yoast_head_json":{"title":"Contact - regardspartages33.fr","robots":{"index":"index","follow":"follow","max-snippet":"max-snippet:-1","max-image-preview":"max-image-preview:large","max-video-preview":"max-video-preview:-1"},"canonical":"https:\/\/regardspartages33.fr\/?page_id=40","og_locale":"fr_FR","og_type":"article","og_title":"Contact - regardspartages33.fr","og_description":"Discutons-en \ud83d\udc4b N&rsquo;h\u00e9sitez pas \u00e0 nous contacter aux coordonn\u00e9es ci-apr\u00e8s ou envoyez-nous un message en remplissant le formulaire. Contactez-nous Envoyez-nous un message","og_url":"https:\/\/regardspartages33.fr\/?page_id=40","og_site_name":"regardspartages33.fr","article_modified_time":"2025-08-27T21:16:20+00:00","twitter_card":"summary_large_image","twitter_misc":{"Dur\u00e9e de lecture estim\u00e9e":"1 minute"},"schema":{"@context":"https:\/\/schema.org","@graph":[{"@type":"WebPage","@id":"https:\/\/regardspartages33.fr\/?page_id=40","url":"https:\/\/regardspartages33.fr\/?page_id=40","name":"Contact - regardspartages33.fr","isPartOf":{"@id":"https:\/\/regardspartages33.fr\/#website"},"datePublished":"2022-11-03T20:40:57+00:00","dateModified":"2025-08-27T21:16:20+00:00","breadcrumb":{"@id":"https:\/\/regardspartages33.fr\/?page_id=40#breadcrumb"},"inLanguage":"fr-FR","potentialAction":[{"@type":"ReadAction","target":["https:\/\/regardspartages33.fr\/?page_id=40"]}]},{"@type":"BreadcrumbList","@id":"https:\/\/regardspartages33.fr\/?page_id=40#breadcrumb","itemListElement":[{"@type":"ListItem","position":1,"name":"Accueil","item":"https:\/\/regardspartages33.fr\/"},{"@type":"ListItem","position":2,"name":"Contact"}]},{"@type":"WebSite","@id":"https:\/\/regardspartages33.fr\/#website","url":"https:\/\/regardspartages33.fr\/","name":"regardspartages33.fr","description":"","publisher":{"@id":"https:\/\/regardspartages33.fr\/#organization"},"potentialAction":[{"@type":"SearchAction","target":{"@type":"EntryPoint","urlTemplate":"https:\/\/regardspartages33.fr\/?s={search_term_string}"},"query-input":"required name=search_term_string"}],"inLanguage":"fr-FR"},{"@type":"Organization","@id":"https:\/\/regardspartages33.fr\/#organization","name":"regardspartages33.fr","url":"https:\/\/regardspartages33.fr\/","logo":{"@type":"ImageObject","inLanguage":"fr-FR","@id":"https:\/\/regardspartages33.fr\/#\/schema\/logo\/image\/","url":"https:\/\/regardspartages33.fr\/wp-content\/uploads\/2022\/12\/cropped-logo-Mumu-scaled-1.jpg","contentUrl":"https:\/\/regardspartages33.fr\/wp-content\/uploads\/2022\/12\/cropped-logo-Mumu-scaled-1.jpg","width":512,"height":512,"caption":"regardspartages33.fr"},"image":{"@id":"https:\/\/regardspartages33.fr\/#\/schema\/logo\/image\/"}}]}},"jetpack_sharing_enabled":true,"_links":{"self":[{"href":"https:\/\/regardspartages33.fr\/index.php?rest_route=\/wp\/v2\/pages\/40"}],"collection":[{"href":"https:\/\/regardspartages33.fr\/index.php?rest_route=\/wp\/v2\/pages"}],"about":[{"href":"https:\/\/regardspartages33.fr\/index.php?rest_route=\/wp\/v2\/types\/page"}],"author":[{"embeddable":true,"href":"https:\/\/regardspartages33.fr\/index.php?rest_route=\/wp\/v2\/users\/1"}],"replies":[{"embeddable":true,"href":"https:\/\/regardspartages33.fr\/index.php?rest_route=%2Fwp%2Fv2%2Fcomments&post=40"}],"version-history":[{"count":1,"href":"https:\/\/regardspartages33.fr\/index.php?rest_route=\/wp\/v2\/pages\/40\/revisions"}],"predecessor-version":[{"id":564,"href":"https:\/\/regardspartages33.fr\/index.php?rest_route=\/wp\/v2\/pages\/40\/revisions\/564"}],"wp:attachment":[{"href":"https:\/\/regardspartages33.fr\/index.php?rest_route=%2Fwp%2Fv2%2Fmedia&parent=40"}],"curies":[{"name":"wp","href":"https:\/\/api.w.org\/{rel}","templated":true}]}}