{"id":36,"date":"2022-11-03T21:22:55","date_gmt":"2022-11-03T20:22:55","guid":{"rendered":"https:\/\/associationregardspartages33.wordpress.com\/?page_id=36"},"modified":"2023-03-13T20:48:08","modified_gmt":"2023-03-13T20:48:08","slug":"les-tarifs","status":"publish","type":"page","link":"https:\/\/regardspartages33.fr\/?page_id=36","title":{"rendered":"Nos Partenaires"},"content":{"rendered":"\n<p><strong><span style=\"text-decoration: underline;\">L&rsquo; Aura Canine Education canine et comportementale<\/span><\/strong>. Laura Thuillier intervient en m\u00e9diation animale en soins palliatifs \u00e0 la clinique Tivoli. Elle effectue la m\u00e9diation animale avec beaucoup de professionnalisme et de bienveillance. Elle fait tr\u00e8s attention au bien \u00eatre de sa chienne Border Collie ce qui est important pour l&rsquo;association. <a href=\"https:\/\/lauracanine.fr\">https:\/\/lauracanine.fr<\/a><\/p>\n\n\n\n<p><strong><span style=\"text-decoration: underline;\">L&rsquo; Association Etho Logis<\/span><\/strong> avec Delphine Descamps, Sociologue qualifi\u00e9e en \u00e9thologie, qui intervient en m\u00e9diation animale avec ses chats \u00e0 l&rsquo;h\u00f4pital XAVIER ARNOZAN du CHU de Bordeaux. J&rsquo;ai fait la pratique en m\u00e9diation animale avec elle et j&rsquo;ai pu voir qu&rsquo;elle tient compte du bien \u00eatre de ses chats en respectant des temps de repos n\u00e9cessaires entre les s\u00e9ances. <a href=\"https:\/\/ethologis.free.fr\">https:\/\/ethologis.free.fr<\/a><\/p>\n\n\n\n<p><img decoding=\"async\" loading=\"lazy\" width=\"1825\" height=\"937\" class=\"wp-image-284\" style=\"width: 150px;\" src=\"http:\/\/regardspartages33.fr\/wp-content\/uploads\/2023\/03\/21448349-7B27-4857-9FE1-E90FD57AD612.png\" alt=\"\" srcset=\"https:\/\/regardspartages33.fr\/wp-content\/uploads\/2023\/03\/21448349-7B27-4857-9FE1-E90FD57AD612.png 1825w, https:\/\/regardspartages33.fr\/wp-content\/uploads\/2023\/03\/21448349-7B27-4857-9FE1-E90FD57AD612-300x154.png 300w, https:\/\/regardspartages33.fr\/wp-content\/uploads\/2023\/03\/21448349-7B27-4857-9FE1-E90FD57AD612-1024x526.png 1024w, https:\/\/regardspartages33.fr\/wp-content\/uploads\/2023\/03\/21448349-7B27-4857-9FE1-E90FD57AD612-768x394.png 768w, https:\/\/regardspartages33.fr\/wp-content\/uploads\/2023\/03\/21448349-7B27-4857-9FE1-E90FD57AD612-1536x789.png 1536w, https:\/\/regardspartages33.fr\/wp-content\/uploads\/2023\/03\/21448349-7B27-4857-9FE1-E90FD57AD612-1568x805.png 1568w\" sizes=\"(max-width: 1825px) 100vw, 1825px\" \/><strong><span style=\"text-decoration: underline;\">Le CHU de Bordeaux<\/span><\/strong>, l&rsquo;Association Regards Partag\u00e9s est reconnue comme association intervenant au CHU pour les s\u00e9ances de m\u00e9diation animale en oncologie digestive.<\/p>\n\n\n\n<p><\/p>\n\n\n\n<p><\/p>\n<div class=\"sharedaddy sd-sharing-enabled\"><div class=\"robots-nocontent sd-block sd-social sd-social-official sd-sharing\"><h3 class=\"sd-title\">Partager&nbsp;:<\/h3><div class=\"sd-content\"><ul><li class=\"share-twitter\"><a href=\"https:\/\/twitter.com\/share\" class=\"twitter-share-button\" data-url=\"https:\/\/regardspartages33.fr\/?page_id=36\" data-text=\"Nos Partenaires\"  >Tweet<\/a><\/li><li><a href=\"#\" class=\"sharing-anchor sd-button share-more\"><span>Plus<\/span><\/a><\/li><li class=\"share-end\"><\/li><\/ul><div class=\"sharing-hidden\"><div class=\"inner\" style=\"display: none;\"><ul><li class=\"share-facebook\"><div class=\"fb-share-button\" data-href=\"https:\/\/regardspartages33.fr\/?page_id=36\" data-layout=\"button_count\"><\/div><\/li><li class=\"share-linkedin\"><div class=\"linkedin_button\"><script type=\"in\/share\" data-url=\"https:\/\/regardspartages33.fr\/?page_id=36\" data-counter=\"right\"><\/script><\/div><\/li><li class=\"share-end\"><\/li><li class=\"share-end\"><\/li><\/ul><\/div><\/div><\/div><\/div><\/div>","protected":false},"excerpt":{"rendered":"<p>L&rsquo; Aura Canine Education canine et comportementale. Laura Thuillier intervient en m\u00e9diation animale en soins palliatifs \u00e0 la clinique Tivoli. Elle effectue la m\u00e9diation animale avec beaucoup de professionnalisme et de bienveillance. Elle fait tr\u00e8s attention au bien \u00eatre de sa chienne Border Collie ce qui est important pour l&rsquo;association. https:\/\/lauracanine.fr L&rsquo; Association Etho Logis<a class=\"more-link\" href=\"https:\/\/regardspartages33.fr\/?page_id=36\">Lire la suite <span class=\"screen-reader-text\">\u00ab\u00a0Nos Partenaires\u00a0\u00bb<\/span><\/a><\/p>\n<div class=\"sharedaddy sd-sharing-enabled\"><div class=\"robots-nocontent sd-block sd-social sd-social-official sd-sharing\"><h3 class=\"sd-title\">Partager&nbsp;:<\/h3><div class=\"sd-content\"><ul><li class=\"share-twitter\"><a href=\"https:\/\/twitter.com\/share\" class=\"twitter-share-button\" data-url=\"https:\/\/regardspartages33.fr\/?page_id=36\" data-text=\"Nos Partenaires\"  >Tweet<\/a><\/li><li><a href=\"#\" class=\"sharing-anchor sd-button share-more\"><span>Plus<\/span><\/a><\/li><li class=\"share-end\"><\/li><\/ul><div class=\"sharing-hidden\"><div class=\"inner\" style=\"display: none;\"><ul><li class=\"share-facebook\"><div class=\"fb-share-button\" data-href=\"https:\/\/regardspartages33.fr\/?page_id=36\" data-layout=\"button_count\"><\/div><\/li><li class=\"share-linkedin\"><div class=\"linkedin_button\"><script type=\"in\/share\" data-url=\"https:\/\/regardspartages33.fr\/?page_id=36\" data-counter=\"right\"><\/script><\/div><\/li><li class=\"share-end\"><\/li><li class=\"share-end\"><\/li><\/ul><\/div><\/div><\/div><\/div><\/div>","protected":false},"author":1,"featured_media":0,"parent":0,"menu_order":0,"comment_status":"closed","ping_status":"closed","template":"","meta":[],"yoast_head":"<!-- This site is optimized with the Yoast SEO plugin v19.13 - https:\/\/yoast.com\/wordpress\/plugins\/seo\/ -->\n<title>Nos Partenaires - regardspartages33.fr<\/title>\n<meta name=\"robots\" content=\"index, follow, max-snippet:-1, max-image-preview:large, max-video-preview:-1\" \/>\n<link rel=\"canonical\" href=\"https:\/\/regardspartages33.fr\/?page_id=36\" \/>\n<meta property=\"og:locale\" content=\"fr_FR\" \/>\n<meta property=\"og:type\" content=\"article\" \/>\n<meta property=\"og:title\" content=\"Nos Partenaires - regardspartages33.fr\" \/>\n<meta property=\"og:description\" content=\"L&rsquo; Aura Canine Education canine et comportementale. Laura Thuillier intervient en m\u00e9diation animale en soins palliatifs \u00e0 la clinique Tivoli. Elle effectue la m\u00e9diation animale avec beaucoup de professionnalisme et de bienveillance. Elle fait tr\u00e8s attention au bien \u00eatre de sa chienne Border Collie ce qui est important pour l&rsquo;association. https:\/\/lauracanine.fr L&rsquo; Association Etho LogisLire la suite &quot;Nos Partenaires&quot;\" \/>\n<meta property=\"og:url\" content=\"https:\/\/regardspartages33.fr\/?page_id=36\" \/>\n<meta property=\"og:site_name\" content=\"regardspartages33.fr\" \/>\n<meta property=\"article:modified_time\" content=\"2023-03-13T20:48:08+00:00\" \/>\n<meta property=\"og:image\" content=\"http:\/\/regardspartages33.fr\/wp-content\/uploads\/2023\/03\/21448349-7B27-4857-9FE1-E90FD57AD612.png\" \/>\n<meta name=\"twitter:card\" content=\"summary_large_image\" \/>\n<meta name=\"twitter:label1\" content=\"Dur\u00e9e de lecture estim\u00e9e\" \/>\n\t<meta name=\"twitter:data1\" content=\"1 minute\" \/>\n<script type=\"application\/ld+json\" class=\"yoast-schema-graph\">{\"@context\":\"https:\/\/schema.org\",\"@graph\":[{\"@type\":\"WebPage\",\"@id\":\"https:\/\/regardspartages33.fr\/?page_id=36\",\"url\":\"https:\/\/regardspartages33.fr\/?page_id=36\",\"name\":\"Nos Partenaires - regardspartages33.fr\",\"isPartOf\":{\"@id\":\"https:\/\/regardspartages33.fr\/#website\"},\"datePublished\":\"2022-11-03T20:22:55+00:00\",\"dateModified\":\"2023-03-13T20:48:08+00:00\",\"breadcrumb\":{\"@id\":\"https:\/\/regardspartages33.fr\/?page_id=36#breadcrumb\"},\"inLanguage\":\"fr-FR\",\"potentialAction\":[{\"@type\":\"ReadAction\",\"target\":[\"https:\/\/regardspartages33.fr\/?page_id=36\"]}]},{\"@type\":\"BreadcrumbList\",\"@id\":\"https:\/\/regardspartages33.fr\/?page_id=36#breadcrumb\",\"itemListElement\":[{\"@type\":\"ListItem\",\"position\":1,\"name\":\"Accueil\",\"item\":\"https:\/\/regardspartages33.fr\/\"},{\"@type\":\"ListItem\",\"position\":2,\"name\":\"Nos Partenaires\"}]},{\"@type\":\"WebSite\",\"@id\":\"https:\/\/regardspartages33.fr\/#website\",\"url\":\"https:\/\/regardspartages33.fr\/\",\"name\":\"regardspartages33.fr\",\"description\":\"\",\"publisher\":{\"@id\":\"https:\/\/regardspartages33.fr\/#organization\"},\"potentialAction\":[{\"@type\":\"SearchAction\",\"target\":{\"@type\":\"EntryPoint\",\"urlTemplate\":\"https:\/\/regardspartages33.fr\/?s={search_term_string}\"},\"query-input\":\"required name=search_term_string\"}],\"inLanguage\":\"fr-FR\"},{\"@type\":\"Organization\",\"@id\":\"https:\/\/regardspartages33.fr\/#organization\",\"name\":\"regardspartages33.fr\",\"url\":\"https:\/\/regardspartages33.fr\/\",\"logo\":{\"@type\":\"ImageObject\",\"inLanguage\":\"fr-FR\",\"@id\":\"https:\/\/regardspartages33.fr\/#\/schema\/logo\/image\/\",\"url\":\"https:\/\/regardspartages33.fr\/wp-content\/uploads\/2022\/12\/cropped-logo-Mumu-scaled-1.jpg\",\"contentUrl\":\"https:\/\/regardspartages33.fr\/wp-content\/uploads\/2022\/12\/cropped-logo-Mumu-scaled-1.jpg\",\"width\":512,\"height\":512,\"caption\":\"regardspartages33.fr\"},\"image\":{\"@id\":\"https:\/\/regardspartages33.fr\/#\/schema\/logo\/image\/\"}}]}<\/script>\n<!-- \/ Yoast SEO plugin. -->","yoast_head_json":{"title":"Nos Partenaires - regardspartages33.fr","robots":{"index":"index","follow":"follow","max-snippet":"max-snippet:-1","max-image-preview":"max-image-preview:large","max-video-preview":"max-video-preview:-1"},"canonical":"https:\/\/regardspartages33.fr\/?page_id=36","og_locale":"fr_FR","og_type":"article","og_title":"Nos Partenaires - regardspartages33.fr","og_description":"L&rsquo; Aura Canine Education canine et comportementale. Laura Thuillier intervient en m\u00e9diation animale en soins palliatifs \u00e0 la clinique Tivoli. Elle effectue la m\u00e9diation animale avec beaucoup de professionnalisme et de bienveillance. Elle fait tr\u00e8s attention au bien \u00eatre de sa chienne Border Collie ce qui est important pour l&rsquo;association. https:\/\/lauracanine.fr L&rsquo; Association Etho LogisLire la suite \"Nos Partenaires\"","og_url":"https:\/\/regardspartages33.fr\/?page_id=36","og_site_name":"regardspartages33.fr","article_modified_time":"2023-03-13T20:48:08+00:00","og_image":[{"url":"http:\/\/regardspartages33.fr\/wp-content\/uploads\/2023\/03\/21448349-7B27-4857-9FE1-E90FD57AD612.png"}],"twitter_card":"summary_large_image","twitter_misc":{"Dur\u00e9e de lecture estim\u00e9e":"1 minute"},"schema":{"@context":"https:\/\/schema.org","@graph":[{"@type":"WebPage","@id":"https:\/\/regardspartages33.fr\/?page_id=36","url":"https:\/\/regardspartages33.fr\/?page_id=36","name":"Nos Partenaires - regardspartages33.fr","isPartOf":{"@id":"https:\/\/regardspartages33.fr\/#website"},"datePublished":"2022-11-03T20:22:55+00:00","dateModified":"2023-03-13T20:48:08+00:00","breadcrumb":{"@id":"https:\/\/regardspartages33.fr\/?page_id=36#breadcrumb"},"inLanguage":"fr-FR","potentialAction":[{"@type":"ReadAction","target":["https:\/\/regardspartages33.fr\/?page_id=36"]}]},{"@type":"BreadcrumbList","@id":"https:\/\/regardspartages33.fr\/?page_id=36#breadcrumb","itemListElement":[{"@type":"ListItem","position":1,"name":"Accueil","item":"https:\/\/regardspartages33.fr\/"},{"@type":"ListItem","position":2,"name":"Nos Partenaires"}]},{"@type":"WebSite","@id":"https:\/\/regardspartages33.fr\/#website","url":"https:\/\/regardspartages33.fr\/","name":"regardspartages33.fr","description":"","publisher":{"@id":"https:\/\/regardspartages33.fr\/#organization"},"potentialAction":[{"@type":"SearchAction","target":{"@type":"EntryPoint","urlTemplate":"https:\/\/regardspartages33.fr\/?s={search_term_string}"},"query-input":"required name=search_term_string"}],"inLanguage":"fr-FR"},{"@type":"Organization","@id":"https:\/\/regardspartages33.fr\/#organization","name":"regardspartages33.fr","url":"https:\/\/regardspartages33.fr\/","logo":{"@type":"ImageObject","inLanguage":"fr-FR","@id":"https:\/\/regardspartages33.fr\/#\/schema\/logo\/image\/","url":"https:\/\/regardspartages33.fr\/wp-content\/uploads\/2022\/12\/cropped-logo-Mumu-scaled-1.jpg","contentUrl":"https:\/\/regardspartages33.fr\/wp-content\/uploads\/2022\/12\/cropped-logo-Mumu-scaled-1.jpg","width":512,"height":512,"caption":"regardspartages33.fr"},"image":{"@id":"https:\/\/regardspartages33.fr\/#\/schema\/logo\/image\/"}}]}},"jetpack_sharing_enabled":true,"_links":{"self":[{"href":"https:\/\/regardspartages33.fr\/index.php?rest_route=\/wp\/v2\/pages\/36"}],"collection":[{"href":"https:\/\/regardspartages33.fr\/index.php?rest_route=\/wp\/v2\/pages"}],"about":[{"href":"https:\/\/regardspartages33.fr\/index.php?rest_route=\/wp\/v2\/types\/page"}],"author":[{"embeddable":true,"href":"https:\/\/regardspartages33.fr\/index.php?rest_route=\/wp\/v2\/users\/1"}],"replies":[{"embeddable":true,"href":"https:\/\/regardspartages33.fr\/index.php?rest_route=%2Fwp%2Fv2%2Fcomments&post=36"}],"version-history":[{"count":5,"href":"https:\/\/regardspartages33.fr\/index.php?rest_route=\/wp\/v2\/pages\/36\/revisions"}],"predecessor-version":[{"id":285,"href":"https:\/\/regardspartages33.fr\/index.php?rest_route=\/wp\/v2\/pages\/36\/revisions\/285"}],"wp:attachment":[{"href":"https:\/\/regardspartages33.fr\/index.php?rest_route=%2Fwp%2Fv2%2Fmedia&parent=36"}],"curies":[{"name":"wp","href":"https:\/\/api.w.org\/{rel}","templated":true}]}}