{"id":289,"date":"2023-09-20T08:33:16","date_gmt":"2023-09-20T08:33:16","guid":{"rendered":"https:\/\/regardspartages33.fr\/?page_id=289"},"modified":"2025-09-09T19:11:12","modified_gmt":"2025-09-09T19:11:12","slug":"nous-soutenir","status":"publish","type":"page","link":"https:\/\/regardspartages33.fr\/?page_id=289","title":{"rendered":"Nous Soutenir"},"content":{"rendered":"\n<p>L\u2019Association Regards Partag\u00e9s est une association loi 1901 reconnue d\u2019int\u00e9r\u00eat g\u00e9n\u00e9ral.<\/p>\n\n\n\n<p>Vous b\u00e9n\u00e9ficiez d\u2019une r\u00e9duction d\u2019imp\u00f4t de 66 % du montant des dons. La r\u00e9duction s\u2019applique dans la limite de 20 % du revenu imposable.<\/p>\n\n\n\n<p>Vous pouvez nous soutenir \u00e0 travers vos adh\u00e9sions pour participer \u00e0 l\u2019achat de friandises, pour l\u2019achat de mat\u00e9riel de m\u00e9diation ( jeux, mat\u00e9riel sensoriel) et participer aux frais de toilettage<\/p>\n\n\n\n<iframe id=\"haWidget\" allowtransparency=\"true\" src=\"https:\/\/www.helloasso.com\/associations\/association-regards-partages-de-mediation-animale\/adhesions\/adhesion-2025-2026\/widget-bouton\" style=\"width: 100%; height: 70px; border: none;\" onload=\"window.addEventListener( 'message', e => { const dataHeight = e.data.height; const haWidgetElement = document.getElementById(&lsquo;haWidget&rsquo;); haWidgetElement.height = dataHeight + &lsquo;px&rsquo;; } )\u00a0\u00bb ><\/iframe>\n\n\n\n\n<p><\/p>\n\n\n\n<p id=\"haWidget\"><\/p>\n\n\n\n<p><\/p>\n\n\n\n<p><\/p>\n\n\n\n<p><\/p>\n\n\n<a class=\"wp-block-read-more\" href=\"https:\/\/regardspartages33.fr\/?page_id=289\" target=\"_self\">Lire la suite<\/a><div class=\"sharedaddy sd-sharing-enabled\"><div class=\"robots-nocontent sd-block sd-social sd-social-official sd-sharing\"><h3 class=\"sd-title\">Partager&nbsp;:<\/h3><div class=\"sd-content\"><ul><li class=\"share-twitter\"><a href=\"https:\/\/twitter.com\/share\" class=\"twitter-share-button\" data-url=\"https:\/\/regardspartages33.fr\/?page_id=289\" data-text=\"Nous Soutenir\"  >Tweet<\/a><\/li><li><a href=\"#\" class=\"sharing-anchor sd-button share-more\"><span>Plus<\/span><\/a><\/li><li class=\"share-end\"><\/li><\/ul><div class=\"sharing-hidden\"><div class=\"inner\" style=\"display: none;\"><ul><li class=\"share-facebook\"><div class=\"fb-share-button\" data-href=\"https:\/\/regardspartages33.fr\/?page_id=289\" data-layout=\"button_count\"><\/div><\/li><li class=\"share-linkedin\"><div class=\"linkedin_button\"><script type=\"in\/share\" data-url=\"https:\/\/regardspartages33.fr\/?page_id=289\" data-counter=\"right\"><\/script><\/div><\/li><li class=\"share-end\"><\/li><li class=\"share-end\"><\/li><\/ul><\/div><\/div><\/div><\/div><\/div>","protected":false},"excerpt":{"rendered":"<p>L\u2019Association Regards Partag\u00e9s est une association loi 1901 reconnue d\u2019int\u00e9r\u00eat g\u00e9n\u00e9ral. Vous b\u00e9n\u00e9ficiez d\u2019une r\u00e9duction d\u2019imp\u00f4t de 66 % du montant des dons. La r\u00e9duction s\u2019applique dans la limite de 20 % du revenu imposable. Vous pouvez nous soutenir \u00e0 travers vos adh\u00e9sions pour participer \u00e0 l\u2019achat de friandises, pour l\u2019achat de mat\u00e9riel de m\u00e9diation<a class=\"more-link\" href=\"https:\/\/regardspartages33.fr\/?page_id=289\">Lire la suite <span class=\"screen-reader-text\">\u00ab\u00a0Nous Soutenir\u00a0\u00bb<\/span><\/a><\/p>\n<div class=\"sharedaddy sd-sharing-enabled\"><div class=\"robots-nocontent sd-block sd-social sd-social-official sd-sharing\"><h3 class=\"sd-title\">Partager&nbsp;:<\/h3><div class=\"sd-content\"><ul><li class=\"share-twitter\"><a href=\"https:\/\/twitter.com\/share\" class=\"twitter-share-button\" data-url=\"https:\/\/regardspartages33.fr\/?page_id=289\" data-text=\"Nous Soutenir\"  >Tweet<\/a><\/li><li><a href=\"#\" class=\"sharing-anchor sd-button share-more\"><span>Plus<\/span><\/a><\/li><li class=\"share-end\"><\/li><\/ul><div class=\"sharing-hidden\"><div class=\"inner\" style=\"display: none;\"><ul><li class=\"share-facebook\"><div class=\"fb-share-button\" data-href=\"https:\/\/regardspartages33.fr\/?page_id=289\" data-layout=\"button_count\"><\/div><\/li><li class=\"share-linkedin\"><div class=\"linkedin_button\"><script type=\"in\/share\" data-url=\"https:\/\/regardspartages33.fr\/?page_id=289\" data-counter=\"right\"><\/script><\/div><\/li><li class=\"share-end\"><\/li><li class=\"share-end\"><\/li><\/ul><\/div><\/div><\/div><\/div><\/div>","protected":false},"author":1,"featured_media":0,"parent":0,"menu_order":0,"comment_status":"closed","ping_status":"closed","template":"","meta":[],"yoast_head":"<!-- This site is optimized with the Yoast SEO plugin v19.13 - https:\/\/yoast.com\/wordpress\/plugins\/seo\/ -->\n<title>Nous Soutenir - regardspartages33.fr<\/title>\n<meta name=\"robots\" content=\"index, follow, max-snippet:-1, max-image-preview:large, max-video-preview:-1\" \/>\n<link rel=\"canonical\" href=\"https:\/\/regardspartages33.fr\/?page_id=289\" \/>\n<meta property=\"og:locale\" content=\"fr_FR\" \/>\n<meta property=\"og:type\" content=\"article\" \/>\n<meta property=\"og:title\" content=\"Nous Soutenir - regardspartages33.fr\" \/>\n<meta property=\"og:description\" content=\"L\u2019Association Regards Partag\u00e9s est une association loi 1901 reconnue d\u2019int\u00e9r\u00eat g\u00e9n\u00e9ral. Vous b\u00e9n\u00e9ficiez d\u2019une r\u00e9duction d\u2019imp\u00f4t de 66 % du montant des dons. La r\u00e9duction s\u2019applique dans la limite de 20 % du revenu imposable. Vous pouvez nous soutenir \u00e0 travers vos adh\u00e9sions pour participer \u00e0 l\u2019achat de friandises, pour l\u2019achat de mat\u00e9riel de m\u00e9diationLire la suite &quot;Nous Soutenir&quot;\" \/>\n<meta property=\"og:url\" content=\"https:\/\/regardspartages33.fr\/?page_id=289\" \/>\n<meta property=\"og:site_name\" content=\"regardspartages33.fr\" \/>\n<meta property=\"article:modified_time\" content=\"2025-09-09T19:11:12+00:00\" \/>\n<meta name=\"twitter:card\" content=\"summary_large_image\" \/>\n<meta name=\"twitter:label1\" content=\"Dur\u00e9e de lecture estim\u00e9e\" \/>\n\t<meta name=\"twitter:data1\" content=\"1 minute\" \/>\n<script type=\"application\/ld+json\" class=\"yoast-schema-graph\">{\"@context\":\"https:\/\/schema.org\",\"@graph\":[{\"@type\":\"WebPage\",\"@id\":\"https:\/\/regardspartages33.fr\/?page_id=289\",\"url\":\"https:\/\/regardspartages33.fr\/?page_id=289\",\"name\":\"Nous Soutenir - regardspartages33.fr\",\"isPartOf\":{\"@id\":\"https:\/\/regardspartages33.fr\/#website\"},\"datePublished\":\"2023-09-20T08:33:16+00:00\",\"dateModified\":\"2025-09-09T19:11:12+00:00\",\"breadcrumb\":{\"@id\":\"https:\/\/regardspartages33.fr\/?page_id=289#breadcrumb\"},\"inLanguage\":\"fr-FR\",\"potentialAction\":[{\"@type\":\"ReadAction\",\"target\":[\"https:\/\/regardspartages33.fr\/?page_id=289\"]}]},{\"@type\":\"BreadcrumbList\",\"@id\":\"https:\/\/regardspartages33.fr\/?page_id=289#breadcrumb\",\"itemListElement\":[{\"@type\":\"ListItem\",\"position\":1,\"name\":\"Accueil\",\"item\":\"https:\/\/regardspartages33.fr\/\"},{\"@type\":\"ListItem\",\"position\":2,\"name\":\"Nous Soutenir\"}]},{\"@type\":\"WebSite\",\"@id\":\"https:\/\/regardspartages33.fr\/#website\",\"url\":\"https:\/\/regardspartages33.fr\/\",\"name\":\"regardspartages33.fr\",\"description\":\"\",\"publisher\":{\"@id\":\"https:\/\/regardspartages33.fr\/#organization\"},\"potentialAction\":[{\"@type\":\"SearchAction\",\"target\":{\"@type\":\"EntryPoint\",\"urlTemplate\":\"https:\/\/regardspartages33.fr\/?s={search_term_string}\"},\"query-input\":\"required name=search_term_string\"}],\"inLanguage\":\"fr-FR\"},{\"@type\":\"Organization\",\"@id\":\"https:\/\/regardspartages33.fr\/#organization\",\"name\":\"regardspartages33.fr\",\"url\":\"https:\/\/regardspartages33.fr\/\",\"logo\":{\"@type\":\"ImageObject\",\"inLanguage\":\"fr-FR\",\"@id\":\"https:\/\/regardspartages33.fr\/#\/schema\/logo\/image\/\",\"url\":\"https:\/\/regardspartages33.fr\/wp-content\/uploads\/2022\/12\/cropped-logo-Mumu-scaled-1.jpg\",\"contentUrl\":\"https:\/\/regardspartages33.fr\/wp-content\/uploads\/2022\/12\/cropped-logo-Mumu-scaled-1.jpg\",\"width\":512,\"height\":512,\"caption\":\"regardspartages33.fr\"},\"image\":{\"@id\":\"https:\/\/regardspartages33.fr\/#\/schema\/logo\/image\/\"}}]}<\/script>\n<!-- \/ Yoast SEO plugin. -->","yoast_head_json":{"title":"Nous Soutenir - regardspartages33.fr","robots":{"index":"index","follow":"follow","max-snippet":"max-snippet:-1","max-image-preview":"max-image-preview:large","max-video-preview":"max-video-preview:-1"},"canonical":"https:\/\/regardspartages33.fr\/?page_id=289","og_locale":"fr_FR","og_type":"article","og_title":"Nous Soutenir - regardspartages33.fr","og_description":"L\u2019Association Regards Partag\u00e9s est une association loi 1901 reconnue d\u2019int\u00e9r\u00eat g\u00e9n\u00e9ral. Vous b\u00e9n\u00e9ficiez d\u2019une r\u00e9duction d\u2019imp\u00f4t de 66 % du montant des dons. La r\u00e9duction s\u2019applique dans la limite de 20 % du revenu imposable. Vous pouvez nous soutenir \u00e0 travers vos adh\u00e9sions pour participer \u00e0 l\u2019achat de friandises, pour l\u2019achat de mat\u00e9riel de m\u00e9diationLire la suite \"Nous Soutenir\"","og_url":"https:\/\/regardspartages33.fr\/?page_id=289","og_site_name":"regardspartages33.fr","article_modified_time":"2025-09-09T19:11:12+00:00","twitter_card":"summary_large_image","twitter_misc":{"Dur\u00e9e de lecture estim\u00e9e":"1 minute"},"schema":{"@context":"https:\/\/schema.org","@graph":[{"@type":"WebPage","@id":"https:\/\/regardspartages33.fr\/?page_id=289","url":"https:\/\/regardspartages33.fr\/?page_id=289","name":"Nous Soutenir - regardspartages33.fr","isPartOf":{"@id":"https:\/\/regardspartages33.fr\/#website"},"datePublished":"2023-09-20T08:33:16+00:00","dateModified":"2025-09-09T19:11:12+00:00","breadcrumb":{"@id":"https:\/\/regardspartages33.fr\/?page_id=289#breadcrumb"},"inLanguage":"fr-FR","potentialAction":[{"@type":"ReadAction","target":["https:\/\/regardspartages33.fr\/?page_id=289"]}]},{"@type":"BreadcrumbList","@id":"https:\/\/regardspartages33.fr\/?page_id=289#breadcrumb","itemListElement":[{"@type":"ListItem","position":1,"name":"Accueil","item":"https:\/\/regardspartages33.fr\/"},{"@type":"ListItem","position":2,"name":"Nous Soutenir"}]},{"@type":"WebSite","@id":"https:\/\/regardspartages33.fr\/#website","url":"https:\/\/regardspartages33.fr\/","name":"regardspartages33.fr","description":"","publisher":{"@id":"https:\/\/regardspartages33.fr\/#organization"},"potentialAction":[{"@type":"SearchAction","target":{"@type":"EntryPoint","urlTemplate":"https:\/\/regardspartages33.fr\/?s={search_term_string}"},"query-input":"required name=search_term_string"}],"inLanguage":"fr-FR"},{"@type":"Organization","@id":"https:\/\/regardspartages33.fr\/#organization","name":"regardspartages33.fr","url":"https:\/\/regardspartages33.fr\/","logo":{"@type":"ImageObject","inLanguage":"fr-FR","@id":"https:\/\/regardspartages33.fr\/#\/schema\/logo\/image\/","url":"https:\/\/regardspartages33.fr\/wp-content\/uploads\/2022\/12\/cropped-logo-Mumu-scaled-1.jpg","contentUrl":"https:\/\/regardspartages33.fr\/wp-content\/uploads\/2022\/12\/cropped-logo-Mumu-scaled-1.jpg","width":512,"height":512,"caption":"regardspartages33.fr"},"image":{"@id":"https:\/\/regardspartages33.fr\/#\/schema\/logo\/image\/"}}]}},"jetpack_sharing_enabled":true,"_links":{"self":[{"href":"https:\/\/regardspartages33.fr\/index.php?rest_route=\/wp\/v2\/pages\/289"}],"collection":[{"href":"https:\/\/regardspartages33.fr\/index.php?rest_route=\/wp\/v2\/pages"}],"about":[{"href":"https:\/\/regardspartages33.fr\/index.php?rest_route=\/wp\/v2\/types\/page"}],"author":[{"embeddable":true,"href":"https:\/\/regardspartages33.fr\/index.php?rest_route=\/wp\/v2\/users\/1"}],"replies":[{"embeddable":true,"href":"https:\/\/regardspartages33.fr\/index.php?rest_route=%2Fwp%2Fv2%2Fcomments&post=289"}],"version-history":[{"count":8,"href":"https:\/\/regardspartages33.fr\/index.php?rest_route=\/wp\/v2\/pages\/289\/revisions"}],"predecessor-version":[{"id":570,"href":"https:\/\/regardspartages33.fr\/index.php?rest_route=\/wp\/v2\/pages\/289\/revisions\/570"}],"wp:attachment":[{"href":"https:\/\/regardspartages33.fr\/index.php?rest_route=%2Fwp%2Fv2%2Fmedia&parent=289"}],"curies":[{"name":"wp","href":"https:\/\/api.w.org\/{rel}","templated":true}]}}