{"id":27,"date":"2022-11-03T21:17:52","date_gmt":"2022-11-03T20:17:52","guid":{"rendered":"https:\/\/associationregardspartages33.wordpress.com\/?page_id=27"},"modified":"2023-09-20T08:39:06","modified_gmt":"2023-09-20T08:39:06","slug":"lequipe","status":"publish","type":"page","link":"https:\/\/regardspartages33.fr\/?page_id=27","title":{"rendered":"L&rsquo;\u00e9quipe"},"content":{"rendered":"\n<p>                           Muriel Lagorsse (infirmi\u00e8re qualifi\u00e9e en m\u00e9diation animale) <\/p>\n\n\n\n<p>intervient b\u00e9n\u00e9volement avec Lila chienne Border Collie en oncologie digestive \u00e0 Haut Leveque.<\/p>\n\n\n\n<figure class=\"wp-block-image size-large\"><img decoding=\"async\" loading=\"lazy\" width=\"891\" height=\"1024\" src=\"https:\/\/regardspartages33.fr\/wp-content\/uploads\/2023\/09\/IMG_5155-891x1024.jpeg\" alt=\"\" class=\"wp-image-293\" srcset=\"https:\/\/regardspartages33.fr\/wp-content\/uploads\/2023\/09\/IMG_5155-891x1024.jpeg 891w, https:\/\/regardspartages33.fr\/wp-content\/uploads\/2023\/09\/IMG_5155-261x300.jpeg 261w, https:\/\/regardspartages33.fr\/wp-content\/uploads\/2023\/09\/IMG_5155-768x883.jpeg 768w, https:\/\/regardspartages33.fr\/wp-content\/uploads\/2023\/09\/IMG_5155-1336x1536.jpeg 1336w, https:\/\/regardspartages33.fr\/wp-content\/uploads\/2023\/09\/IMG_5155.jpeg 1475w\" sizes=\"(max-width: 891px) 100vw, 891px\" \/><\/figure>\n\n\n<div class=\"wp-block-image\">\n<figure class=\"aligncenter size-full is-resized\"><img decoding=\"async\" loading=\"lazy\" src=\"http:\/\/regardspartages33.fr\/wp-content\/uploads\/2022\/11\/img-2977.jpg\" alt=\"\" class=\"wp-image-15\" width=\"499\" height=\"636\" srcset=\"https:\/\/regardspartages33.fr\/wp-content\/uploads\/2022\/11\/img-2977.jpg 753w, https:\/\/regardspartages33.fr\/wp-content\/uploads\/2022\/11\/img-2977-235x300.jpg 235w\" sizes=\"(max-width: 499px) 100vw, 499px\" \/><\/figure><\/div>\n\n\n<p><\/p>\n<div class=\"sharedaddy sd-sharing-enabled\"><div class=\"robots-nocontent sd-block sd-social sd-social-official sd-sharing\"><h3 class=\"sd-title\">Partager&nbsp;:<\/h3><div class=\"sd-content\"><ul><li class=\"share-twitter\"><a href=\"https:\/\/twitter.com\/share\" class=\"twitter-share-button\" data-url=\"https:\/\/regardspartages33.fr\/?page_id=27\" data-text=\"L&#039;\u00e9quipe\"  >Tweet<\/a><\/li><li><a href=\"#\" class=\"sharing-anchor sd-button share-more\"><span>Plus<\/span><\/a><\/li><li class=\"share-end\"><\/li><\/ul><div class=\"sharing-hidden\"><div class=\"inner\" style=\"display: none;\"><ul><li class=\"share-facebook\"><div class=\"fb-share-button\" data-href=\"https:\/\/regardspartages33.fr\/?page_id=27\" data-layout=\"button_count\"><\/div><\/li><li class=\"share-linkedin\"><div class=\"linkedin_button\"><script type=\"in\/share\" data-url=\"https:\/\/regardspartages33.fr\/?page_id=27\" data-counter=\"right\"><\/script><\/div><\/li><li class=\"share-end\"><\/li><li class=\"share-end\"><\/li><\/ul><\/div><\/div><\/div><\/div><\/div>","protected":false},"excerpt":{"rendered":"<p>Muriel Lagorsse (infirmi\u00e8re qualifi\u00e9e en m\u00e9diation animale) intervient b\u00e9n\u00e9volement avec Lila chienne Border Collie en oncologie digestive \u00e0 Haut Leveque.<\/p>\n<div class=\"sharedaddy sd-sharing-enabled\"><div class=\"robots-nocontent sd-block sd-social sd-social-official sd-sharing\"><h3 class=\"sd-title\">Partager&nbsp;:<\/h3><div class=\"sd-content\"><ul><li class=\"share-twitter\"><a href=\"https:\/\/twitter.com\/share\" class=\"twitter-share-button\" data-url=\"https:\/\/regardspartages33.fr\/?page_id=27\" data-text=\"L&#039;\u00e9quipe\"  >Tweet<\/a><\/li><li><a href=\"#\" class=\"sharing-anchor sd-button share-more\"><span>Plus<\/span><\/a><\/li><li class=\"share-end\"><\/li><\/ul><div class=\"sharing-hidden\"><div class=\"inner\" style=\"display: none;\"><ul><li class=\"share-facebook\"><div class=\"fb-share-button\" data-href=\"https:\/\/regardspartages33.fr\/?page_id=27\" data-layout=\"button_count\"><\/div><\/li><li class=\"share-linkedin\"><div class=\"linkedin_button\"><script type=\"in\/share\" data-url=\"https:\/\/regardspartages33.fr\/?page_id=27\" data-counter=\"right\"><\/script><\/div><\/li><li class=\"share-end\"><\/li><li class=\"share-end\"><\/li><\/ul><\/div><\/div><\/div><\/div><\/div>","protected":false},"author":1,"featured_media":0,"parent":0,"menu_order":0,"comment_status":"closed","ping_status":"closed","template":"","meta":[],"yoast_head":"<!-- This site is optimized with the Yoast SEO plugin v19.13 - https:\/\/yoast.com\/wordpress\/plugins\/seo\/ -->\n<title>L&#039;\u00e9quipe - regardspartages33.fr<\/title>\n<meta name=\"robots\" content=\"index, follow, max-snippet:-1, max-image-preview:large, max-video-preview:-1\" \/>\n<link rel=\"canonical\" href=\"https:\/\/regardspartages33.fr\/?page_id=27\" \/>\n<meta property=\"og:locale\" content=\"fr_FR\" \/>\n<meta property=\"og:type\" content=\"article\" \/>\n<meta property=\"og:title\" content=\"L&#039;\u00e9quipe - regardspartages33.fr\" \/>\n<meta property=\"og:description\" content=\"Muriel Lagorsse (infirmi\u00e8re qualifi\u00e9e en m\u00e9diation animale) intervient b\u00e9n\u00e9volement avec Lila chienne Border Collie en oncologie digestive \u00e0 Haut Leveque.\" \/>\n<meta property=\"og:url\" content=\"https:\/\/regardspartages33.fr\/?page_id=27\" \/>\n<meta property=\"og:site_name\" content=\"regardspartages33.fr\" \/>\n<meta property=\"article:modified_time\" content=\"2023-09-20T08:39:06+00:00\" \/>\n<meta property=\"og:image\" content=\"https:\/\/regardspartages33.fr\/wp-content\/uploads\/2023\/09\/IMG_5155-891x1024.jpeg\" \/>\n<meta name=\"twitter:card\" content=\"summary_large_image\" \/>\n<meta name=\"twitter:label1\" content=\"Dur\u00e9e de lecture estim\u00e9e\" \/>\n\t<meta name=\"twitter:data1\" content=\"1 minute\" \/>\n<script type=\"application\/ld+json\" class=\"yoast-schema-graph\">{\"@context\":\"https:\/\/schema.org\",\"@graph\":[{\"@type\":\"WebPage\",\"@id\":\"https:\/\/regardspartages33.fr\/?page_id=27\",\"url\":\"https:\/\/regardspartages33.fr\/?page_id=27\",\"name\":\"L'\u00e9quipe - regardspartages33.fr\",\"isPartOf\":{\"@id\":\"https:\/\/regardspartages33.fr\/#website\"},\"datePublished\":\"2022-11-03T20:17:52+00:00\",\"dateModified\":\"2023-09-20T08:39:06+00:00\",\"breadcrumb\":{\"@id\":\"https:\/\/regardspartages33.fr\/?page_id=27#breadcrumb\"},\"inLanguage\":\"fr-FR\",\"potentialAction\":[{\"@type\":\"ReadAction\",\"target\":[\"https:\/\/regardspartages33.fr\/?page_id=27\"]}]},{\"@type\":\"BreadcrumbList\",\"@id\":\"https:\/\/regardspartages33.fr\/?page_id=27#breadcrumb\",\"itemListElement\":[{\"@type\":\"ListItem\",\"position\":1,\"name\":\"Accueil\",\"item\":\"https:\/\/regardspartages33.fr\/\"},{\"@type\":\"ListItem\",\"position\":2,\"name\":\"L&rsquo;\u00e9quipe\"}]},{\"@type\":\"WebSite\",\"@id\":\"https:\/\/regardspartages33.fr\/#website\",\"url\":\"https:\/\/regardspartages33.fr\/\",\"name\":\"regardspartages33.fr\",\"description\":\"\",\"publisher\":{\"@id\":\"https:\/\/regardspartages33.fr\/#organization\"},\"potentialAction\":[{\"@type\":\"SearchAction\",\"target\":{\"@type\":\"EntryPoint\",\"urlTemplate\":\"https:\/\/regardspartages33.fr\/?s={search_term_string}\"},\"query-input\":\"required name=search_term_string\"}],\"inLanguage\":\"fr-FR\"},{\"@type\":\"Organization\",\"@id\":\"https:\/\/regardspartages33.fr\/#organization\",\"name\":\"regardspartages33.fr\",\"url\":\"https:\/\/regardspartages33.fr\/\",\"logo\":{\"@type\":\"ImageObject\",\"inLanguage\":\"fr-FR\",\"@id\":\"https:\/\/regardspartages33.fr\/#\/schema\/logo\/image\/\",\"url\":\"https:\/\/regardspartages33.fr\/wp-content\/uploads\/2022\/12\/cropped-logo-Mumu-scaled-1.jpg\",\"contentUrl\":\"https:\/\/regardspartages33.fr\/wp-content\/uploads\/2022\/12\/cropped-logo-Mumu-scaled-1.jpg\",\"width\":512,\"height\":512,\"caption\":\"regardspartages33.fr\"},\"image\":{\"@id\":\"https:\/\/regardspartages33.fr\/#\/schema\/logo\/image\/\"}}]}<\/script>\n<!-- \/ Yoast SEO plugin. -->","yoast_head_json":{"title":"L'\u00e9quipe - regardspartages33.fr","robots":{"index":"index","follow":"follow","max-snippet":"max-snippet:-1","max-image-preview":"max-image-preview:large","max-video-preview":"max-video-preview:-1"},"canonical":"https:\/\/regardspartages33.fr\/?page_id=27","og_locale":"fr_FR","og_type":"article","og_title":"L'\u00e9quipe - regardspartages33.fr","og_description":"Muriel Lagorsse (infirmi\u00e8re qualifi\u00e9e en m\u00e9diation animale) intervient b\u00e9n\u00e9volement avec Lila chienne Border Collie en oncologie digestive \u00e0 Haut Leveque.","og_url":"https:\/\/regardspartages33.fr\/?page_id=27","og_site_name":"regardspartages33.fr","article_modified_time":"2023-09-20T08:39:06+00:00","og_image":[{"url":"https:\/\/regardspartages33.fr\/wp-content\/uploads\/2023\/09\/IMG_5155-891x1024.jpeg"}],"twitter_card":"summary_large_image","twitter_misc":{"Dur\u00e9e de lecture estim\u00e9e":"1 minute"},"schema":{"@context":"https:\/\/schema.org","@graph":[{"@type":"WebPage","@id":"https:\/\/regardspartages33.fr\/?page_id=27","url":"https:\/\/regardspartages33.fr\/?page_id=27","name":"L'\u00e9quipe - regardspartages33.fr","isPartOf":{"@id":"https:\/\/regardspartages33.fr\/#website"},"datePublished":"2022-11-03T20:17:52+00:00","dateModified":"2023-09-20T08:39:06+00:00","breadcrumb":{"@id":"https:\/\/regardspartages33.fr\/?page_id=27#breadcrumb"},"inLanguage":"fr-FR","potentialAction":[{"@type":"ReadAction","target":["https:\/\/regardspartages33.fr\/?page_id=27"]}]},{"@type":"BreadcrumbList","@id":"https:\/\/regardspartages33.fr\/?page_id=27#breadcrumb","itemListElement":[{"@type":"ListItem","position":1,"name":"Accueil","item":"https:\/\/regardspartages33.fr\/"},{"@type":"ListItem","position":2,"name":"L&rsquo;\u00e9quipe"}]},{"@type":"WebSite","@id":"https:\/\/regardspartages33.fr\/#website","url":"https:\/\/regardspartages33.fr\/","name":"regardspartages33.fr","description":"","publisher":{"@id":"https:\/\/regardspartages33.fr\/#organization"},"potentialAction":[{"@type":"SearchAction","target":{"@type":"EntryPoint","urlTemplate":"https:\/\/regardspartages33.fr\/?s={search_term_string}"},"query-input":"required name=search_term_string"}],"inLanguage":"fr-FR"},{"@type":"Organization","@id":"https:\/\/regardspartages33.fr\/#organization","name":"regardspartages33.fr","url":"https:\/\/regardspartages33.fr\/","logo":{"@type":"ImageObject","inLanguage":"fr-FR","@id":"https:\/\/regardspartages33.fr\/#\/schema\/logo\/image\/","url":"https:\/\/regardspartages33.fr\/wp-content\/uploads\/2022\/12\/cropped-logo-Mumu-scaled-1.jpg","contentUrl":"https:\/\/regardspartages33.fr\/wp-content\/uploads\/2022\/12\/cropped-logo-Mumu-scaled-1.jpg","width":512,"height":512,"caption":"regardspartages33.fr"},"image":{"@id":"https:\/\/regardspartages33.fr\/#\/schema\/logo\/image\/"}}]}},"jetpack_sharing_enabled":true,"_links":{"self":[{"href":"https:\/\/regardspartages33.fr\/index.php?rest_route=\/wp\/v2\/pages\/27"}],"collection":[{"href":"https:\/\/regardspartages33.fr\/index.php?rest_route=\/wp\/v2\/pages"}],"about":[{"href":"https:\/\/regardspartages33.fr\/index.php?rest_route=\/wp\/v2\/types\/page"}],"author":[{"embeddable":true,"href":"https:\/\/regardspartages33.fr\/index.php?rest_route=\/wp\/v2\/users\/1"}],"replies":[{"embeddable":true,"href":"https:\/\/regardspartages33.fr\/index.php?rest_route=%2Fwp%2Fv2%2Fcomments&post=27"}],"version-history":[{"count":3,"href":"https:\/\/regardspartages33.fr\/index.php?rest_route=\/wp\/v2\/pages\/27\/revisions"}],"predecessor-version":[{"id":295,"href":"https:\/\/regardspartages33.fr\/index.php?rest_route=\/wp\/v2\/pages\/27\/revisions\/295"}],"wp:attachment":[{"href":"https:\/\/regardspartages33.fr\/index.php?rest_route=%2Fwp%2Fv2%2Fmedia&parent=27"}],"curies":[{"name":"wp","href":"https:\/\/api.w.org\/{rel}","templated":true}]}}