{"id":24,"date":"2022-11-03T21:09:09","date_gmt":"2022-11-03T20:09:09","guid":{"rendered":"https:\/\/associationregardspartages33.wordpress.com\/?page_id=24"},"modified":"2023-03-13T20:02:58","modified_gmt":"2023-03-13T20:02:58","slug":"historique","status":"publish","type":"page","link":"https:\/\/regardspartages33.fr\/?page_id=24","title":{"rendered":"A propos"},"content":{"rendered":"\n<p>Muriel LAGORSSE, infirmi\u00e8re au Chu de Bordeaux depuis 17 ans et passionn\u00e9e depuis mon enfance par les chiens, j&rsquo;ai voulu partager cette passion avec mes patients.<\/p>\n\n\n\n<p>En&nbsp;avril 2021, j&rsquo;ai adopt\u00e9 une chienne Border Collie qui se nomme Lila. Elle est aujourd&rsquo;hui \u00e2g\u00e9e de 15 mois. Elle a \u00e9t\u00e9 \u00e9duqu\u00e9e par Patrick Lefort de Canibest puis par Laura Thuillier de L&rsquo;aura Canine pour conna\u00eetre sans faille les ordres simples assis, couch\u00e9, pas boug\u00e9, avoir le rappel et le stop. C&rsquo;est une chienne tr\u00e8s sociable avec les humains et ses cong\u00e9n\u00e8res. <\/p>\n\n\n\n<p>Lila a \u00e9t\u00e9 vu par un v\u00e9t\u00e9rinaire comportementaliste Dr Lachapelle qui a valid\u00e9 le fait qu&rsquo;elle avait de hautes capacit\u00e9s relationnelles.<\/p>\n\n\n\n<p>Je me suis donc form\u00e9e en E-learning \u00e0 la m\u00e9diation animale avec AZCO gr\u00e2ce au CPF et r\u00e9aliser ma pratique avec Delphine Descamps en Ephad \u00e0 Xavier Arnozan.<\/p>\n\n\n\n<p>J&rsquo;ai ensuite cr\u00e9\u00e9 une association qui se nomme Regards Partag\u00e9s dont je suis la pr\u00e9sidente. En tant que pr\u00e9sidente, j&rsquo;ai pr\u00e9sent\u00e9 mon projet en oncologie digestive qui a \u00e9t\u00e9 accept\u00e9 par le CHU de Bordeaux. <\/p>\n\n\n\n<p>Les s\u00e9ances ont commenc\u00e9 d\u00e9but juin et depuis septembre les patients sont de plus en plus int\u00e9ress\u00e9s par la m\u00e9diation animale<\/p>\n\n\n\n<p>La m\u00e9diation animale permet :<\/p>\n\n\n\n<p>-de lib\u00e9rer les \u00e9motions<\/p>\n\n\n\n<p>-de diminuer les angoisses, le stress et les peurs<\/p>\n\n\n\n<p>-de faciliter certains soins<\/p>\n\n\n\n<p>-de rassurer et apaiser les proches et de faciliter les liens<\/p>\n\n\n\n<p>-favoriser les relations sociales et interg\u00e9n\u00e9rationnelles : stimuler la m\u00e9moire \u00e0 travers l\u2019\u00e9vocation de souvenirs, la motricit\u00e9 et motricit\u00e9 fine \u00e0 travers de l\u2019activit\u00e9 physique et manuelle, \u00e9veiller l\u2019int\u00e9r\u00eat et r\u00e9veiller les sensations.&nbsp;<\/p>\n\n\n\n<p>Lila et moi-m\u00eame nous rendons visite aux patients en oncologie digestive \u00e0 Haut Leveque tous les mercredis \u00e0 partir de 16h30. <\/p>\n\n\n\n<p>Lors de ses s\u00e9ances, je fais attention au bien \u00eatre de la chienne et la s\u00e9ance n&rsquo;exc\u00e8de pas les 1h30.<\/p>\n\n\n\n<p>Depuis d\u00e9but septembre j\u2019ai pu mesurer avec l\u2019\u00e9quipe soignante les bienfaits de la m\u00e9diation animale pour les patients. Ils sont contents de voir Lila, expriment un bien \u00eatre, certains jouent avec elle. Mais au-del\u00e0 de ce plaisir, cela leur permet de vivre des moments apaisants et de parler de la maladie, de leurs peurs.<\/p>\n\n\n\n<p>L&rsquo; association Regards Partag\u00e9s aimerait d\u00e9velopper la m\u00e9diation animale au sein du CHU de Bordeaux convaincue des bienfaits de cette pratique.<\/p>\n\n\n\n<p><\/p>\n<div class=\"sharedaddy sd-sharing-enabled\"><div class=\"robots-nocontent sd-block sd-social sd-social-official sd-sharing\"><h3 class=\"sd-title\">Partager&nbsp;:<\/h3><div class=\"sd-content\"><ul><li class=\"share-twitter\"><a href=\"https:\/\/twitter.com\/share\" class=\"twitter-share-button\" data-url=\"https:\/\/regardspartages33.fr\/?page_id=24\" data-text=\"A propos\"  >Tweet<\/a><\/li><li><a href=\"#\" class=\"sharing-anchor sd-button share-more\"><span>Plus<\/span><\/a><\/li><li class=\"share-end\"><\/li><\/ul><div class=\"sharing-hidden\"><div class=\"inner\" style=\"display: none;\"><ul><li class=\"share-facebook\"><div class=\"fb-share-button\" data-href=\"https:\/\/regardspartages33.fr\/?page_id=24\" data-layout=\"button_count\"><\/div><\/li><li class=\"share-linkedin\"><div class=\"linkedin_button\"><script type=\"in\/share\" data-url=\"https:\/\/regardspartages33.fr\/?page_id=24\" data-counter=\"right\"><\/script><\/div><\/li><li class=\"share-end\"><\/li><li class=\"share-end\"><\/li><\/ul><\/div><\/div><\/div><\/div><\/div>","protected":false},"excerpt":{"rendered":"<p>Muriel LAGORSSE, infirmi\u00e8re au Chu de Bordeaux depuis 17 ans et passionn\u00e9e depuis mon enfance par les chiens, j&rsquo;ai voulu partager cette passion avec mes patients. En&nbsp;avril 2021, j&rsquo;ai adopt\u00e9 une chienne Border Collie qui se nomme Lila. Elle est aujourd&rsquo;hui \u00e2g\u00e9e de 15 mois. Elle a \u00e9t\u00e9 \u00e9duqu\u00e9e par Patrick Lefort de Canibest puis<a class=\"more-link\" href=\"https:\/\/regardspartages33.fr\/?page_id=24\">Lire la suite <span class=\"screen-reader-text\">\u00ab\u00a0A propos\u00a0\u00bb<\/span><\/a><\/p>\n<div class=\"sharedaddy sd-sharing-enabled\"><div class=\"robots-nocontent sd-block sd-social sd-social-official sd-sharing\"><h3 class=\"sd-title\">Partager&nbsp;:<\/h3><div class=\"sd-content\"><ul><li class=\"share-twitter\"><a href=\"https:\/\/twitter.com\/share\" class=\"twitter-share-button\" data-url=\"https:\/\/regardspartages33.fr\/?page_id=24\" data-text=\"A propos\"  >Tweet<\/a><\/li><li><a href=\"#\" class=\"sharing-anchor sd-button share-more\"><span>Plus<\/span><\/a><\/li><li class=\"share-end\"><\/li><\/ul><div class=\"sharing-hidden\"><div class=\"inner\" style=\"display: none;\"><ul><li class=\"share-facebook\"><div class=\"fb-share-button\" data-href=\"https:\/\/regardspartages33.fr\/?page_id=24\" data-layout=\"button_count\"><\/div><\/li><li class=\"share-linkedin\"><div class=\"linkedin_button\"><script type=\"in\/share\" data-url=\"https:\/\/regardspartages33.fr\/?page_id=24\" data-counter=\"right\"><\/script><\/div><\/li><li class=\"share-end\"><\/li><li class=\"share-end\"><\/li><\/ul><\/div><\/div><\/div><\/div><\/div>","protected":false},"author":1,"featured_media":0,"parent":0,"menu_order":0,"comment_status":"closed","ping_status":"closed","template":"","meta":[],"yoast_head":"<!-- This site is optimized with the Yoast SEO plugin v19.13 - https:\/\/yoast.com\/wordpress\/plugins\/seo\/ -->\n<title>A propos - regardspartages33.fr<\/title>\n<meta name=\"robots\" content=\"index, follow, max-snippet:-1, max-image-preview:large, max-video-preview:-1\" \/>\n<link rel=\"canonical\" href=\"https:\/\/regardspartages33.fr\/?page_id=24\" \/>\n<meta property=\"og:locale\" content=\"fr_FR\" \/>\n<meta property=\"og:type\" content=\"article\" \/>\n<meta property=\"og:title\" content=\"A propos - regardspartages33.fr\" \/>\n<meta property=\"og:description\" content=\"Muriel LAGORSSE, infirmi\u00e8re au Chu de Bordeaux depuis 17 ans et passionn\u00e9e depuis mon enfance par les chiens, j&rsquo;ai voulu partager cette passion avec mes patients. En&nbsp;avril 2021, j&rsquo;ai adopt\u00e9 une chienne Border Collie qui se nomme Lila. Elle est aujourd&rsquo;hui \u00e2g\u00e9e de 15 mois. Elle a \u00e9t\u00e9 \u00e9duqu\u00e9e par Patrick Lefort de Canibest puisLire la suite &quot;A propos&quot;\" \/>\n<meta property=\"og:url\" content=\"https:\/\/regardspartages33.fr\/?page_id=24\" \/>\n<meta property=\"og:site_name\" content=\"regardspartages33.fr\" \/>\n<meta property=\"article:modified_time\" content=\"2023-03-13T20:02:58+00:00\" \/>\n<meta name=\"twitter:card\" content=\"summary_large_image\" \/>\n<meta name=\"twitter:label1\" content=\"Dur\u00e9e de lecture estim\u00e9e\" \/>\n\t<meta name=\"twitter:data1\" content=\"2 minutes\" \/>\n<script type=\"application\/ld+json\" class=\"yoast-schema-graph\">{\"@context\":\"https:\/\/schema.org\",\"@graph\":[{\"@type\":\"WebPage\",\"@id\":\"https:\/\/regardspartages33.fr\/?page_id=24\",\"url\":\"https:\/\/regardspartages33.fr\/?page_id=24\",\"name\":\"A propos - regardspartages33.fr\",\"isPartOf\":{\"@id\":\"https:\/\/regardspartages33.fr\/#website\"},\"datePublished\":\"2022-11-03T20:09:09+00:00\",\"dateModified\":\"2023-03-13T20:02:58+00:00\",\"breadcrumb\":{\"@id\":\"https:\/\/regardspartages33.fr\/?page_id=24#breadcrumb\"},\"inLanguage\":\"fr-FR\",\"potentialAction\":[{\"@type\":\"ReadAction\",\"target\":[\"https:\/\/regardspartages33.fr\/?page_id=24\"]}]},{\"@type\":\"BreadcrumbList\",\"@id\":\"https:\/\/regardspartages33.fr\/?page_id=24#breadcrumb\",\"itemListElement\":[{\"@type\":\"ListItem\",\"position\":1,\"name\":\"Accueil\",\"item\":\"https:\/\/regardspartages33.fr\/\"},{\"@type\":\"ListItem\",\"position\":2,\"name\":\"A propos\"}]},{\"@type\":\"WebSite\",\"@id\":\"https:\/\/regardspartages33.fr\/#website\",\"url\":\"https:\/\/regardspartages33.fr\/\",\"name\":\"regardspartages33.fr\",\"description\":\"\",\"publisher\":{\"@id\":\"https:\/\/regardspartages33.fr\/#organization\"},\"potentialAction\":[{\"@type\":\"SearchAction\",\"target\":{\"@type\":\"EntryPoint\",\"urlTemplate\":\"https:\/\/regardspartages33.fr\/?s={search_term_string}\"},\"query-input\":\"required name=search_term_string\"}],\"inLanguage\":\"fr-FR\"},{\"@type\":\"Organization\",\"@id\":\"https:\/\/regardspartages33.fr\/#organization\",\"name\":\"regardspartages33.fr\",\"url\":\"https:\/\/regardspartages33.fr\/\",\"logo\":{\"@type\":\"ImageObject\",\"inLanguage\":\"fr-FR\",\"@id\":\"https:\/\/regardspartages33.fr\/#\/schema\/logo\/image\/\",\"url\":\"https:\/\/regardspartages33.fr\/wp-content\/uploads\/2022\/12\/cropped-logo-Mumu-scaled-1.jpg\",\"contentUrl\":\"https:\/\/regardspartages33.fr\/wp-content\/uploads\/2022\/12\/cropped-logo-Mumu-scaled-1.jpg\",\"width\":512,\"height\":512,\"caption\":\"regardspartages33.fr\"},\"image\":{\"@id\":\"https:\/\/regardspartages33.fr\/#\/schema\/logo\/image\/\"}}]}<\/script>\n<!-- \/ Yoast SEO plugin. -->","yoast_head_json":{"title":"A propos - regardspartages33.fr","robots":{"index":"index","follow":"follow","max-snippet":"max-snippet:-1","max-image-preview":"max-image-preview:large","max-video-preview":"max-video-preview:-1"},"canonical":"https:\/\/regardspartages33.fr\/?page_id=24","og_locale":"fr_FR","og_type":"article","og_title":"A propos - regardspartages33.fr","og_description":"Muriel LAGORSSE, infirmi\u00e8re au Chu de Bordeaux depuis 17 ans et passionn\u00e9e depuis mon enfance par les chiens, j&rsquo;ai voulu partager cette passion avec mes patients. En&nbsp;avril 2021, j&rsquo;ai adopt\u00e9 une chienne Border Collie qui se nomme Lila. Elle est aujourd&rsquo;hui \u00e2g\u00e9e de 15 mois. Elle a \u00e9t\u00e9 \u00e9duqu\u00e9e par Patrick Lefort de Canibest puisLire la suite \"A propos\"","og_url":"https:\/\/regardspartages33.fr\/?page_id=24","og_site_name":"regardspartages33.fr","article_modified_time":"2023-03-13T20:02:58+00:00","twitter_card":"summary_large_image","twitter_misc":{"Dur\u00e9e de lecture estim\u00e9e":"2 minutes"},"schema":{"@context":"https:\/\/schema.org","@graph":[{"@type":"WebPage","@id":"https:\/\/regardspartages33.fr\/?page_id=24","url":"https:\/\/regardspartages33.fr\/?page_id=24","name":"A propos - regardspartages33.fr","isPartOf":{"@id":"https:\/\/regardspartages33.fr\/#website"},"datePublished":"2022-11-03T20:09:09+00:00","dateModified":"2023-03-13T20:02:58+00:00","breadcrumb":{"@id":"https:\/\/regardspartages33.fr\/?page_id=24#breadcrumb"},"inLanguage":"fr-FR","potentialAction":[{"@type":"ReadAction","target":["https:\/\/regardspartages33.fr\/?page_id=24"]}]},{"@type":"BreadcrumbList","@id":"https:\/\/regardspartages33.fr\/?page_id=24#breadcrumb","itemListElement":[{"@type":"ListItem","position":1,"name":"Accueil","item":"https:\/\/regardspartages33.fr\/"},{"@type":"ListItem","position":2,"name":"A propos"}]},{"@type":"WebSite","@id":"https:\/\/regardspartages33.fr\/#website","url":"https:\/\/regardspartages33.fr\/","name":"regardspartages33.fr","description":"","publisher":{"@id":"https:\/\/regardspartages33.fr\/#organization"},"potentialAction":[{"@type":"SearchAction","target":{"@type":"EntryPoint","urlTemplate":"https:\/\/regardspartages33.fr\/?s={search_term_string}"},"query-input":"required name=search_term_string"}],"inLanguage":"fr-FR"},{"@type":"Organization","@id":"https:\/\/regardspartages33.fr\/#organization","name":"regardspartages33.fr","url":"https:\/\/regardspartages33.fr\/","logo":{"@type":"ImageObject","inLanguage":"fr-FR","@id":"https:\/\/regardspartages33.fr\/#\/schema\/logo\/image\/","url":"https:\/\/regardspartages33.fr\/wp-content\/uploads\/2022\/12\/cropped-logo-Mumu-scaled-1.jpg","contentUrl":"https:\/\/regardspartages33.fr\/wp-content\/uploads\/2022\/12\/cropped-logo-Mumu-scaled-1.jpg","width":512,"height":512,"caption":"regardspartages33.fr"},"image":{"@id":"https:\/\/regardspartages33.fr\/#\/schema\/logo\/image\/"}}]}},"jetpack_sharing_enabled":true,"_links":{"self":[{"href":"https:\/\/regardspartages33.fr\/index.php?rest_route=\/wp\/v2\/pages\/24"}],"collection":[{"href":"https:\/\/regardspartages33.fr\/index.php?rest_route=\/wp\/v2\/pages"}],"about":[{"href":"https:\/\/regardspartages33.fr\/index.php?rest_route=\/wp\/v2\/types\/page"}],"author":[{"embeddable":true,"href":"https:\/\/regardspartages33.fr\/index.php?rest_route=\/wp\/v2\/users\/1"}],"replies":[{"embeddable":true,"href":"https:\/\/regardspartages33.fr\/index.php?rest_route=%2Fwp%2Fv2%2Fcomments&post=24"}],"version-history":[{"count":6,"href":"https:\/\/regardspartages33.fr\/index.php?rest_route=\/wp\/v2\/pages\/24\/revisions"}],"predecessor-version":[{"id":278,"href":"https:\/\/regardspartages33.fr\/index.php?rest_route=\/wp\/v2\/pages\/24\/revisions\/278"}],"wp:attachment":[{"href":"https:\/\/regardspartages33.fr\/index.php?rest_route=%2Fwp%2Fv2%2Fmedia&parent=24"}],"curies":[{"name":"wp","href":"https:\/\/api.w.org\/{rel}","templated":true}]}}