{"id":154,"date":"2022-11-04T11:21:33","date_gmt":"2022-11-04T10:21:33","guid":{"rendered":"https:\/\/associationregardspartages33.wordpress.com\/?page_id=154"},"modified":"2022-11-04T11:21:33","modified_gmt":"2022-11-04T10:21:33","slug":"articles-publies","status":"publish","type":"page","link":"http:\/\/regardspartages33.fr\/?page_id=154","title":{"rendered":"Articles publi\u00e9s"},"content":{"rendered":"\n<p><\/p>\n\n\n<ul class=\"wp-block-latest-posts__list wp-block-latest-posts\"><li><a class=\"wp-block-latest-posts__post-title\" href=\"http:\/\/regardspartages33.fr\/?p=560\">PROJET DE LOI SUR LA M\u00c9DIATION ANIMALE<\/a><\/li>\n<li><a class=\"wp-block-latest-posts__post-title\" href=\"http:\/\/regardspartages33.fr\/?p=554\">CONGRES DE LA SFAP<\/a><\/li>\n<li><a class=\"wp-block-latest-posts__post-title\" href=\"http:\/\/regardspartages33.fr\/?p=299\">I-CAD<\/a><\/li>\n<li><a class=\"wp-block-latest-posts__post-title\" href=\"http:\/\/regardspartages33.fr\/?p=297\">Association reconnue d&rsquo;int\u00e9r\u00eat g\u00e9n\u00e9ral<\/a><\/li>\n<li><a class=\"wp-block-latest-posts__post-title\" href=\"http:\/\/regardspartages33.fr\/?p=259\">Le sourire retrouv\u00e9 gr\u00e2ce \u00e0 la pr\u00e9sence de Lila<\/a><\/li>\n<\/ul><div class=\"sharedaddy sd-sharing-enabled\"><div class=\"robots-nocontent sd-block sd-social sd-social-official sd-sharing\"><h3 class=\"sd-title\">Partager&nbsp;:<\/h3><div class=\"sd-content\"><ul><li class=\"share-twitter\"><a href=\"https:\/\/twitter.com\/share\" class=\"twitter-share-button\" data-url=\"http:\/\/regardspartages33.fr\/?page_id=154\" data-text=\"Articles publi\u00e9s\"  >Tweet<\/a><\/li><li><a href=\"#\" class=\"sharing-anchor sd-button share-more\"><span>Plus<\/span><\/a><\/li><li class=\"share-end\"><\/li><\/ul><div class=\"sharing-hidden\"><div class=\"inner\" style=\"display: none;\"><ul><li class=\"share-facebook\"><div class=\"fb-share-button\" data-href=\"http:\/\/regardspartages33.fr\/?page_id=154\" data-layout=\"button_count\"><\/div><\/li><li class=\"share-linkedin\"><div class=\"linkedin_button\"><script type=\"in\/share\" data-url=\"http:\/\/regardspartages33.fr\/?page_id=154\" data-counter=\"right\"><\/script><\/div><\/li><li class=\"share-end\"><\/li><li class=\"share-end\"><\/li><\/ul><\/div><\/div><\/div><\/div><\/div>","protected":false},"excerpt":{"rendered":"<div class=\"sharedaddy sd-sharing-enabled\"><div class=\"robots-nocontent sd-block sd-social sd-social-official sd-sharing\"><h3 class=\"sd-title\">Partager&nbsp;:<\/h3><div class=\"sd-content\"><ul><li class=\"share-twitter\"><a href=\"https:\/\/twitter.com\/share\" class=\"twitter-share-button\" data-url=\"http:\/\/regardspartages33.fr\/?page_id=154\" data-text=\"Articles publi\u00e9s\"  >Tweet<\/a><\/li><li><a href=\"#\" class=\"sharing-anchor sd-button share-more\"><span>Plus<\/span><\/a><\/li><li class=\"share-end\"><\/li><\/ul><div class=\"sharing-hidden\"><div class=\"inner\" style=\"display: none;\"><ul><li class=\"share-facebook\"><div class=\"fb-share-button\" data-href=\"http:\/\/regardspartages33.fr\/?page_id=154\" data-layout=\"button_count\"><\/div><\/li><li class=\"share-linkedin\"><div class=\"linkedin_button\"><script type=\"in\/share\" data-url=\"http:\/\/regardspartages33.fr\/?page_id=154\" data-counter=\"right\"><\/script><\/div><\/li><li class=\"share-end\"><\/li><li class=\"share-end\"><\/li><\/ul><\/div><\/div><\/div><\/div><\/div>","protected":false},"author":1,"featured_media":0,"parent":0,"menu_order":0,"comment_status":"closed","ping_status":"closed","template":"","meta":[],"yoast_head":"<!-- This site is optimized with the Yoast SEO plugin v19.13 - https:\/\/yoast.com\/wordpress\/plugins\/seo\/ -->\n<title>Articles publi\u00e9s - regardspartages33.fr<\/title>\n<meta name=\"robots\" content=\"index, follow, max-snippet:-1, max-image-preview:large, max-video-preview:-1\" \/>\n<link rel=\"canonical\" href=\"http:\/\/regardspartages33.fr\/?page_id=154\" \/>\n<meta property=\"og:locale\" content=\"fr_FR\" \/>\n<meta property=\"og:type\" content=\"article\" \/>\n<meta property=\"og:title\" content=\"Articles publi\u00e9s - regardspartages33.fr\" \/>\n<meta property=\"og:url\" content=\"http:\/\/regardspartages33.fr\/?page_id=154\" \/>\n<meta property=\"og:site_name\" content=\"regardspartages33.fr\" \/>\n<meta name=\"twitter:card\" content=\"summary_large_image\" \/>\n<script type=\"application\/ld+json\" class=\"yoast-schema-graph\">{\"@context\":\"https:\/\/schema.org\",\"@graph\":[{\"@type\":[\"WebPage\",\"CollectionPage\"],\"@id\":\"http:\/\/regardspartages33.fr\/?page_id=154\",\"url\":\"http:\/\/regardspartages33.fr\/?page_id=154\",\"name\":\"Articles publi\u00e9s - regardspartages33.fr\",\"isPartOf\":{\"@id\":\"https:\/\/regardspartages33.fr\/#website\"},\"datePublished\":\"2022-11-04T10:21:33+00:00\",\"dateModified\":\"2022-11-04T10:21:33+00:00\",\"breadcrumb\":{\"@id\":\"http:\/\/regardspartages33.fr\/?page_id=154#breadcrumb\"},\"inLanguage\":\"fr-FR\"},{\"@type\":\"BreadcrumbList\",\"@id\":\"http:\/\/regardspartages33.fr\/?page_id=154#breadcrumb\",\"itemListElement\":[{\"@type\":\"ListItem\",\"position\":1,\"name\":\"Accueil\",\"item\":\"https:\/\/regardspartages33.fr\/\"},{\"@type\":\"ListItem\",\"position\":2,\"name\":\"Articles publi\u00e9s\"}]},{\"@type\":\"WebSite\",\"@id\":\"https:\/\/regardspartages33.fr\/#website\",\"url\":\"https:\/\/regardspartages33.fr\/\",\"name\":\"regardspartages33.fr\",\"description\":\"\",\"publisher\":{\"@id\":\"https:\/\/regardspartages33.fr\/#organization\"},\"potentialAction\":[{\"@type\":\"SearchAction\",\"target\":{\"@type\":\"EntryPoint\",\"urlTemplate\":\"https:\/\/regardspartages33.fr\/?s={search_term_string}\"},\"query-input\":\"required name=search_term_string\"}],\"inLanguage\":\"fr-FR\"},{\"@type\":\"Organization\",\"@id\":\"https:\/\/regardspartages33.fr\/#organization\",\"name\":\"regardspartages33.fr\",\"url\":\"https:\/\/regardspartages33.fr\/\",\"logo\":{\"@type\":\"ImageObject\",\"inLanguage\":\"fr-FR\",\"@id\":\"https:\/\/regardspartages33.fr\/#\/schema\/logo\/image\/\",\"url\":\"http:\/\/regardspartages33.fr\/wp-content\/uploads\/2022\/12\/cropped-logo-Mumu-scaled-1.jpg\",\"contentUrl\":\"http:\/\/regardspartages33.fr\/wp-content\/uploads\/2022\/12\/cropped-logo-Mumu-scaled-1.jpg\",\"width\":512,\"height\":512,\"caption\":\"regardspartages33.fr\"},\"image\":{\"@id\":\"https:\/\/regardspartages33.fr\/#\/schema\/logo\/image\/\"}}]}<\/script>\n<!-- \/ Yoast SEO plugin. -->","yoast_head_json":{"title":"Articles publi\u00e9s - regardspartages33.fr","robots":{"index":"index","follow":"follow","max-snippet":"max-snippet:-1","max-image-preview":"max-image-preview:large","max-video-preview":"max-video-preview:-1"},"canonical":"http:\/\/regardspartages33.fr\/?page_id=154","og_locale":"fr_FR","og_type":"article","og_title":"Articles publi\u00e9s - regardspartages33.fr","og_url":"http:\/\/regardspartages33.fr\/?page_id=154","og_site_name":"regardspartages33.fr","twitter_card":"summary_large_image","schema":{"@context":"https:\/\/schema.org","@graph":[{"@type":["WebPage","CollectionPage"],"@id":"http:\/\/regardspartages33.fr\/?page_id=154","url":"http:\/\/regardspartages33.fr\/?page_id=154","name":"Articles publi\u00e9s - regardspartages33.fr","isPartOf":{"@id":"https:\/\/regardspartages33.fr\/#website"},"datePublished":"2022-11-04T10:21:33+00:00","dateModified":"2022-11-04T10:21:33+00:00","breadcrumb":{"@id":"http:\/\/regardspartages33.fr\/?page_id=154#breadcrumb"},"inLanguage":"fr-FR"},{"@type":"BreadcrumbList","@id":"http:\/\/regardspartages33.fr\/?page_id=154#breadcrumb","itemListElement":[{"@type":"ListItem","position":1,"name":"Accueil","item":"https:\/\/regardspartages33.fr\/"},{"@type":"ListItem","position":2,"name":"Articles publi\u00e9s"}]},{"@type":"WebSite","@id":"https:\/\/regardspartages33.fr\/#website","url":"https:\/\/regardspartages33.fr\/","name":"regardspartages33.fr","description":"","publisher":{"@id":"https:\/\/regardspartages33.fr\/#organization"},"potentialAction":[{"@type":"SearchAction","target":{"@type":"EntryPoint","urlTemplate":"https:\/\/regardspartages33.fr\/?s={search_term_string}"},"query-input":"required name=search_term_string"}],"inLanguage":"fr-FR"},{"@type":"Organization","@id":"https:\/\/regardspartages33.fr\/#organization","name":"regardspartages33.fr","url":"https:\/\/regardspartages33.fr\/","logo":{"@type":"ImageObject","inLanguage":"fr-FR","@id":"https:\/\/regardspartages33.fr\/#\/schema\/logo\/image\/","url":"http:\/\/regardspartages33.fr\/wp-content\/uploads\/2022\/12\/cropped-logo-Mumu-scaled-1.jpg","contentUrl":"http:\/\/regardspartages33.fr\/wp-content\/uploads\/2022\/12\/cropped-logo-Mumu-scaled-1.jpg","width":512,"height":512,"caption":"regardspartages33.fr"},"image":{"@id":"https:\/\/regardspartages33.fr\/#\/schema\/logo\/image\/"}}]}},"jetpack_sharing_enabled":true,"_links":{"self":[{"href":"http:\/\/regardspartages33.fr\/index.php?rest_route=\/wp\/v2\/pages\/154"}],"collection":[{"href":"http:\/\/regardspartages33.fr\/index.php?rest_route=\/wp\/v2\/pages"}],"about":[{"href":"http:\/\/regardspartages33.fr\/index.php?rest_route=\/wp\/v2\/types\/page"}],"author":[{"embeddable":true,"href":"http:\/\/regardspartages33.fr\/index.php?rest_route=\/wp\/v2\/users\/1"}],"replies":[{"embeddable":true,"href":"http:\/\/regardspartages33.fr\/index.php?rest_route=%2Fwp%2Fv2%2Fcomments&post=154"}],"version-history":[{"count":0,"href":"http:\/\/regardspartages33.fr\/index.php?rest_route=\/wp\/v2\/pages\/154\/revisions"}],"wp:attachment":[{"href":"http:\/\/regardspartages33.fr\/index.php?rest_route=%2Fwp%2Fv2%2Fmedia&parent=154"}],"curies":[{"name":"wp","href":"https:\/\/api.w.org\/{rel}","templated":true}]}}